{"id":5759,"date":"2019-01-09T16:11:39","date_gmt":"2019-01-09T13:11:39","guid":{"rendered":"https:\/\/isakaman.com\/tip-2-diyabet\/"},"modified":"2019-05-30T15:47:24","modified_gmt":"2019-05-30T12:47:24","slug":"diabetes-mellitus-typ-2","status":"publish","type":"page","link":"https:\/\/isakaman.com\/de\/diabetes-mellitus-typ-2\/","title":{"rendered":"Diabetes mellitus Typ 2"},"content":{"rendered":"<p>[vc_row row_content_width=&#8220;grid&#8220; css=&#8220;.vc_custom_1528269335985{padding-top: 160px !important;}&#8220;][vc_column]<div class=\"mkdf-elements-holder   mkdf-two-columns  mkdf-responsive-mode-768 \" ><div class=\"mkdf-eh-item    \"  data-item-class=\"mkdf-eh-custom-5295\" data-1367-1600=\"0 0 0 123px\" data-1025-1366=\"0 0 0 27px\" data-769-1024=\"0 0 0 0\" data-681-768=\"0 0 0 0\" data-680=\"0 0 0 0\">\n\t<div class=\"mkdf-eh-item-inner\">\n\t\t<div class=\"mkdf-eh-item-content mkdf-eh-custom-5295\" style=\"padding: 0 0 0 123px\">\n\t\t\t<div class=\"mkdf-single-image-holder   \">\n    <div class=\"mkdf-si-inner\" >\n                                    <img width=\"1400\" height=\"934\" src=\"https:\/\/isakaman.com\/wp-content\/uploads\/2019\/01\/shutterstock_571889917-e1563475458921.jpg\" class=\"attachment-full size-full\" alt=\"\" loading=\"lazy\" \/>                        <\/div>\n<\/div>\t\t<\/div>\n\t<\/div>\n<\/div><div class=\"mkdf-eh-item    \"  data-item-class=\"mkdf-eh-custom-5165\" data-1367-1600=\"0 140px 29px 10px\" data-1025-1366=\"0 28px 30px 14px\" data-769-1024=\"0px 0px 0 40px\" data-681-768=\"63px 88px 0 0\" data-680=\"71px 0px 0 0px\">\n\t<div class=\"mkdf-eh-item-inner\">\n\t\t<div class=\"mkdf-eh-item-content mkdf-eh-custom-5165\" style=\"padding: 0 140px 29px 10px\">\n\t\t\t[vc_column_text]<\/p>\n<h4>Was ist die Zuckerkrankheit (Diabetes mellitus Typ 2)?<\/h4>\n<p>[\/vc_column_text][vc_empty_space height=&#8220;10px&#8220;][vc_column_text]<\/p>\n<p align=\"justify\">Beim Diabetes mellitus Typ 2 (Zuckerkrankheit) handelt es sich um eine Krankheit, die zur Erh\u00f6hung des Blutzuckerspiegels einer Person f\u00fchrt und lebenslang dauert. Die Entwicklung von Diabetes mellitus umfasst einen langen Prozess. Einige Symptome verursachen zu Beginn keine \u00e4u\u00dferlich bemerkbaren Beschwerden.<\/p>\n<p align=\"justify\">90% der Menschen leiden unter der Zuckerkrankheit, wodurch diese eine am weitesten verbreitete Krankheit ist. Betroffen sind meist die Personen mit \u00dcbergweicht und die \u00c4ltere. Das regelm\u00e4\u00dfige Training und die gesunde Ern\u00e4hrung sind lebenswichtig zum Schutz vor dem Diabetes.<\/p>\n<p><strong>Symptome<\/strong><\/p>\n<p>\u2022 Durstgef\u00fchl<br \/>\n\u2022 starker Harndrang nachts<br \/>\n\u2022 \u00fcberm\u00e4\u00dfige M\u00fcdigkeitsgef\u00fchl oder chronische M\u00fcdigkeit<br \/>\n\u2022 nicht aufkl\u00e4rbarer Gewichtsverlust und Schmelzen der Muskeln<br \/>\n\u2022 juckende Genitalorgane oder h\u00e4ufiger Soor<br \/>\n\u2022 Schnitte und Wunden verheilen langsamer<br \/>\n\u2022 Sehst\u00f6rungen[\/vc_column_text][vc_empty_space]\t\t<\/div>\n\t<\/div>\n<\/div><\/div>[\/vc_column][\/vc_row][vc_row row_content_width=&#8220;grid&#8220; css=&#8220;.vc_custom_1547567623912{padding-top: 55px !important;padding-bottom: 55px !important;}&#8220;][vc_column]<div class=\"mkdf-elements-holder   mkdf-two-columns  mkdf-responsive-mode-768 \" ><div class=\"mkdf-eh-item    \"  data-item-class=\"mkdf-eh-custom-8688\" data-1367-1600=\"0 47px 30px 91px\" data-1025-1366=\"0 0px 34px 28px\" data-769-1024=\"0px 40px 0 0px\" data-681-768=\"0 72px 73px 0px\" data-680=\"0px 0px 75px 0px\">\n\t<div class=\"mkdf-eh-item-inner\">\n\t\t<div class=\"mkdf-eh-item-content mkdf-eh-custom-8688\" style=\"padding: 0 47px 30px 91px\">\n\t\t\t[vc_column_text]<\/p>\n<h4>Unterschiede zwischen dem Diabetes mellitus Typ 1 und Typ 2<\/h4>\n<p>[\/vc_column_text][vc_empty_space height=&#8220;10px&#8220;][vc_column_text]<\/p>\n<p align=\"justify\">Die beiden wichtigsten Formen sind der Typ-1- und der Typ-2-Diabetes. Der Typ-2-Diabetes entsteht dann, wenn der K\u00f6rper nicht ausreichend Insulin f\u00fcr die gesunde Funktionierung produziert, oder wenn die K\u00f6rperzellen nicht auf Insulin reagieren. Der Typ-2-Diabetes ist verbreiteter als der Typ-1-Diabetes. Beim Typ-1-Diabetes produziert der K\u00f6rper nicht Insulin.<\/p>\n<p align=\"justify\">In der T\u00fcrkei leiden ca. 90% der Erwachsenen unter dem Typ-2-Diabetes. Der Typ-1-Diabetes entsteht oft vor dem 40. Lebensalter und w\u00e4hrend der Pubertit\u00e4t, w\u00e4hrend der Typ-2-Diabetes im sp\u00e4teren Lebensalter auftritt.<\/p>\n<p>[\/vc_column_text][vc_empty_space]\t\t<\/div>\n\t<\/div>\n<\/div><div class=\"mkdf-eh-item    \"  data-item-class=\"mkdf-eh-custom-2046\" data-1367-1600=\"0px 0 0 115px\" data-1025-1366=\"0px 0 0 115px\" data-769-1024=\"0 0 0 0\" data-681-768=\"0 0 0 0\" data-680=\"0 0 0 0\">\n\t<div class=\"mkdf-eh-item-inner\">\n\t\t<div class=\"mkdf-eh-item-content mkdf-eh-custom-2046\" style=\"padding: 0px 0 0 115px\">\n\t\t\t<div class=\"mkdf-single-image-holder   \">\n    <div class=\"mkdf-si-inner\" >\n                                    <img width=\"1400\" height=\"933\" src=\"https:\/\/isakaman.com\/wp-content\/uploads\/2019\/01\/shutterstock_720600880-e1563475435979.jpg\" class=\"attachment-full size-full\" alt=\"\" loading=\"lazy\" \/>                        <\/div>\n<\/div>\t\t<\/div>\n\t<\/div>\n<\/div><\/div>[\/vc_column][\/vc_row][vc_row][vc_column]<div class=\"mkdf-elements-holder   mkdf-two-columns  mkdf-responsive-mode-768 \" ><div class=\"mkdf-eh-item    \"  data-item-class=\"mkdf-eh-custom-5912\" data-1367-1600=\"0 0 0 123px\" data-1025-1366=\"0 0 0 27px\" data-769-1024=\"0 0 0 0\" data-681-768=\"0 0 0 0\" data-680=\"0 0 0 0\">\n\t<div class=\"mkdf-eh-item-inner\">\n\t\t<div class=\"mkdf-eh-item-content mkdf-eh-custom-5912\" style=\"padding: 0 0 0 123px\">\n\t\t\t<div class=\"mkdf-single-image-holder   \">\n    <div class=\"mkdf-si-inner\" >\n                                    <img width=\"1400\" height=\"933\" src=\"https:\/\/isakaman.com\/wp-content\/uploads\/2019\/01\/shutterstock_1178113945-e1563475512783.jpg\" class=\"attachment-full size-full\" alt=\"\" loading=\"lazy\" \/>                        <\/div>\n<\/div>\t\t<\/div>\n\t<\/div>\n<\/div><div class=\"mkdf-eh-item   mkdf-horizontal-alignment-right \"  data-item-class=\"mkdf-eh-custom-6322\" data-1367-1600=\"0 140px 29px 10px\" data-1025-1366=\"0 28px 30px 14px\" data-769-1024=\"0px 0px 0 40px\" data-681-768=\"63px 88px 0 0\" data-680=\"71px 0px 0 0px\">\n\t<div class=\"mkdf-eh-item-inner\">\n\t\t<div class=\"mkdf-eh-item-content mkdf-eh-custom-6322\" style=\"padding: 0 140px 29px 10px\">\n\t\t\t[vc_column_text]<\/p>\n<h4>Was passiert, wenn die Zuckerkrankheit (Diabetes mellitus Typ 2) nicht behandelt wird? Wie verl\u00e4uft sie?<\/h4>\n<p>[\/vc_column_text][vc_empty_space height=&#8220;10px&#8220;][vc_column_text]<\/p>\n<p align=\"justify\">Die Vorbeugung der Entwicklung der Organsch\u00e4den ist bei der Behandlung vom Diabetes mellitus Typ 2 zu beachten. Mit der klassischen Behandlungsverfahren ist meistens die ausreichende Zuckerregulierung nicht m\u00f6glich. Im Verlauf der Jahren mit dem Diabetes mellitus erh\u00f6ht sich das Risiko des Organverlustes. Der Diabetes mellitus beeinflu\u00dft die Organe, so da\u00df die Gef\u00e4\u00dfwand besch\u00e4digt wird.<\/p>\n<p align=\"justify\">Bei jedem Patient werden unterschiedliche Gef\u00e4\u00dfe besch\u00e4digt. Meistens werden das Herz, das Nervensystem, die Nieren, die Augen und die peripherische Nerven gest\u00f6rt; auch treten die sexuelle Probleme (Verh\u00e4rtung und vorzeitige Ejakulation) auf. Die Nichtbehandlung der Diabetiker kann zum Verlust der Funktionen der sonstigen Organef\u00fchren.<\/p>\n<p align=\"justify\">Wenn die Behandlung der Zuckerkrankheit anhand der klassischen Verfahren nicht m\u00f6glich ist, wir die Operation beschlossen. In diese Sache kann man sich nach der R\u00fccksprache mit unserem Arzt und infolge der Untersuchungen und Pr\u00fcfungen entscheiden.<\/p>\n<p>[\/vc_column_text][vc_empty_space]\t\t<\/div>\n\t<\/div>\n<\/div><\/div><div class=\"mkdf-elements-holder   mkdf-two-columns  mkdf-responsive-mode-768 \" ><div class=\"mkdf-eh-item    \"  data-item-class=\"mkdf-eh-custom-2988\" data-1367-1600=\"0 47px 30px 91px\" data-1025-1366=\"0 0px 34px 28px\" data-769-1024=\"0px 40px 0 0px\" data-681-768=\"0 72px 73px 0px\" data-680=\"0px 0px 75px 0px\">\n\t<div class=\"mkdf-eh-item-inner\">\n\t\t<div class=\"mkdf-eh-item-content mkdf-eh-custom-2988\" style=\"padding: 0 47px 30px 91px\">\n\t\t\t[vc_column_text]<\/p>\n<h4>Kann der Diabetes mellitus Typ 2 anhand einer Operation behandelt werden?<\/h4>\n<p>[\/vc_column_text][vc_empty_space height=&#8220;10px&#8220;][vc_column_text]<\/p>\n<p align=\"justify\">Ja, die Behandlung anhand einer Operation ist m\u00f6glich. Wir k\u00f6nnen sagen, da\u00df dies durch die neu entwickelte Operationstechniken und \u2013technologien m\u00f6glich ist. Dies nennt man metabolische Chirurgie, d.h. Diabetes-Chirurgie. Bei dieser chirurgischen Verfahren handelt es sich um eine mit einem geschlossenen Verfahren durchgef\u00fchrten Operation des Magens und der D\u00e4rme, die bevorzugt wird, wenn die klassische Verfahren erfolglos bleiben. Die Operation dauert meistens 45 Minuten.<\/p>\n<p>[\/vc_column_text][vc_empty_space]\t\t<\/div>\n\t<\/div>\n<\/div><div class=\"mkdf-eh-item    \"  data-item-class=\"mkdf-eh-custom-6216\" data-1367-1600=\"0px 0 0 115px\" data-1025-1366=\"0px 0 0 115px\" data-769-1024=\"0 0 0 0\" data-681-768=\"0 0 0 0\" data-680=\"0 0 0 0\">\n\t<div class=\"mkdf-eh-item-inner\">\n\t\t<div class=\"mkdf-eh-item-content mkdf-eh-custom-6216\" style=\"padding: 0px 0 0 115px\">\n\t\t\t<div class=\"mkdf-single-image-holder   \">\n    <div class=\"mkdf-si-inner\" >\n                                    <img width=\"1400\" height=\"1148\" src=\"https:\/\/isakaman.com\/wp-content\/uploads\/2019\/01\/shutterstock_110990225-e1563475564937.jpg\" class=\"attachment-full size-full\" alt=\"\" loading=\"lazy\" \/>                        <\/div>\n<\/div>\t\t<\/div>\n\t<\/div>\n<\/div><\/div><div class=\"mkdf-elements-holder   mkdf-two-columns  mkdf-responsive-mode-768 \" ><div class=\"mkdf-eh-item    \"  data-item-class=\"mkdf-eh-custom-5719\" data-1367-1600=\"0 0 0 123px\" data-1025-1366=\"0 0 0 27px\" data-769-1024=\"0 0 0 0\" data-681-768=\"0 0 0 0\" data-680=\"0 0 0 0\">\n\t<div class=\"mkdf-eh-item-inner\">\n\t\t<div class=\"mkdf-eh-item-content mkdf-eh-custom-5719\" style=\"padding: 0 0 0 123px\">\n\t\t\t<div class=\"mkdf-single-image-holder   \">\n    <div class=\"mkdf-si-inner\" >\n                                    <img width=\"1400\" height=\"933\" src=\"https:\/\/isakaman.com\/wp-content\/uploads\/2019\/01\/shutterstock_327738941-e1563475551372.jpg\" class=\"attachment-full size-full\" alt=\"\" loading=\"lazy\" \/>                        <\/div>\n<\/div>\t\t<\/div>\n\t<\/div>\n<\/div><div class=\"mkdf-eh-item    \"  data-item-class=\"mkdf-eh-custom-2210\" data-1367-1600=\"0 140px 29px 10px\" data-1025-1366=\"0 28px 30px 14px\" data-769-1024=\"0px 0px 0 40px\" data-681-768=\"63px 88px 0 0\" data-680=\"71px 0px 0 0px\">\n\t<div class=\"mkdf-eh-item-inner\">\n\t\t<div class=\"mkdf-eh-item-content mkdf-eh-custom-2210\" style=\"padding: 0 140px 29px 10px\">\n\t\t\t[vc_column_text]<\/p>\n<h4>Welche Vorteile gibt es?<\/h4>\n<p>[\/vc_column_text][vc_empty_space height=&#8220;10px&#8220;][vc_column_text]\u2022 Dank dieses Behandlungsverfahrens braucht der gr\u00f6\u00dfte Teil der Patienten mindestens 10 Jahre lang keine Medikamente und kein Insulin.<br \/>\n\u2022 Dar\u00fcber hinaus sind die Organsch\u00e4den zu vermeiden.<br \/>\n\u2022 Erm\u00f6glicht, da\u00df man das Idealgewicht erreicht.<br \/>\n\u2022 Erh\u00f6ht den Komfort des Lebens.<br \/>\n\u2022 Beseitigt die Probleme wie Bluthochdruck und hohes Cholesterin.<br \/>\n\u2022 Nach der Operation ist keine Di\u00e4t erforderlich.<\/p>\n<p><strong>Ist es f\u00fcr jeden Patient n\u00fctzlich?<\/strong><\/p>\n<p align=\"justify\">Obwohl die Einwirkung auf jeden Patient nicht 100% gleich ist, sind die Ergebnisse bei der Patienten mit einer hohen Insulinaktivit\u00e4t erfolgreicher. Meistens k\u00f6nnen erfolgreiche Ergebnisse bei 90% der Patienten erzielt werden.<\/p>\n<p>[\/vc_column_text][vc_empty_space]\t\t<\/div>\n\t<\/div>\n<\/div><\/div><div class=\"mkdf-elements-holder   mkdf-two-columns  mkdf-responsive-mode-768 \" ><div class=\"mkdf-eh-item    \"  data-item-class=\"mkdf-eh-custom-2682\" data-1367-1600=\"0 47px 30px 91px\" data-1025-1366=\"0 0px 34px 28px\" data-769-1024=\"0px 40px 0 0px\" data-681-768=\"0 72px 73px 0px\" data-680=\"0px 0px 75px 0px\">\n\t<div class=\"mkdf-eh-item-inner\">\n\t\t<div class=\"mkdf-eh-item-content mkdf-eh-custom-2682\" style=\"padding: 0 47px 30px 91px\">\n\t\t\t[vc_column_text]<\/p>\n<h4>Nach der Operation<\/h4>\n<p>[\/vc_column_text][vc_empty_space height=&#8220;10px&#8220;][vc_column_text]<\/p>\n<p align=\"justify\">Da die metabolische chirurgische Eingriffe mit dem geschlossenen Verfahren durchzuf\u00fchren sind, kann der Patient schneller seinem normalen Alltag nachgehen. Unsere Patiente k\u00f6nnen nach 1 Tag entlassen werden. Nachdem sie sich 1 Woche lang nach der Operation mit der Fl\u00fc\u00dfigkeiten ern\u00e4hren, k\u00f6nnen sie ihre Ern\u00e4hrung und ihr Leben ohne Einschr\u00e4nkung fortf\u00fchren.<\/p>\n<p>[\/vc_column_text][vc_empty_space]\t\t<\/div>\n\t<\/div>\n<\/div><div class=\"mkdf-eh-item    \"  data-item-class=\"mkdf-eh-custom-1896\" data-1367-1600=\"0px 0 0 115px\" data-1025-1366=\"0px 0 0 115px\" data-769-1024=\"0 0 0 0\" data-681-768=\"0 0 0 0\" data-680=\"0 0 0 0\">\n\t<div class=\"mkdf-eh-item-inner\">\n\t\t<div class=\"mkdf-eh-item-content mkdf-eh-custom-1896\" style=\"padding: 0px 0 0 115px\">\n\t\t\t<div class=\"mkdf-single-image-holder   \">\n    <div class=\"mkdf-si-inner\" >\n                                    <img width=\"1400\" height=\"1400\" src=\"https:\/\/isakaman.com\/wp-content\/uploads\/2019\/01\/shutterstock_1195994767-e1563475491309.jpg\" class=\"attachment-full size-full\" alt=\"\" loading=\"lazy\" \/>                        <\/div>\n<\/div>\t\t<\/div>\n\t<\/div>\n<\/div><\/div>[vc_row_inner][vc_column_inner][\/vc_column_inner][\/vc_row_inner]<div class=\"mkdf-image-gallery  mkdf-ig-carousel-type mkdf-three-columns mkdf-no-space  mkdf-image-behavior-lightbox\">\n\t<div class=\"mkdf-ig-slider mkdf-owl-slider\" data-number-of-items=\"4\" data-enable-loop=\"yes\" data-enable-autoplay=\"yes\" data-slider-speed=\"4000\" data-slider-speed-animation=\"600\" data-slider-padding=\"no\" data-enable-navigation=\"no\" data-enable-pagination=\"no\">\n\t\t\t\t\t<div class=\"mkdf-ig-image\">\n\t\t\t\t\t\t\t\t\t<a itemprop=\"image\" class=\"mkdf-ig-lightbox mkdf-block-drag-link\" href=\"\" data-rel=\"prettyPhoto[image_gallery_pretty_photo-531]\" title=\"\">\n\t\t\t\t\t\t\t\t\t\t\t\t\t\t\t\t\t\t<\/a>\n\t\t\t\t\t\t\t<\/div>\n\t\t\t\t\t<div class=\"mkdf-ig-image\">\n\t\t\t\t\t\t\t\t\t<a itemprop=\"image\" class=\"mkdf-ig-lightbox mkdf-block-drag-link\" href=\"\" data-rel=\"prettyPhoto[image_gallery_pretty_photo-531]\" title=\"\">\n\t\t\t\t\t\t\t\t\t\t\t\t\t\t\t\t\t\t<\/a>\n\t\t\t\t\t\t\t<\/div>\n\t\t\t\t\t<div class=\"mkdf-ig-image\">\n\t\t\t\t\t\t\t\t\t<a itemprop=\"image\" class=\"mkdf-ig-lightbox mkdf-block-drag-link\" href=\"\" data-rel=\"prettyPhoto[image_gallery_pretty_photo-531]\" title=\"\">\n\t\t\t\t\t\t\t\t\t\t\t\t\t\t\t\t\t\t<\/a>\n\t\t\t\t\t\t\t<\/div>\n\t\t\t\t\t<div class=\"mkdf-ig-image\">\n\t\t\t\t\t\t\t\t\t<a itemprop=\"image\" class=\"mkdf-ig-lightbox mkdf-block-drag-link\" href=\"\" data-rel=\"prettyPhoto[image_gallery_pretty_photo-531]\" title=\"\">\n\t\t\t\t\t\t\t\t\t\t\t\t\t\t\t\t\t\t<\/a>\n\t\t\t\t\t\t\t<\/div>\n\t\t\t<\/div>\n<\/div>[\/vc_column][\/vc_row][vc_row disable_element=&#8220;yes&#8220; row_content_width=&#8220;grid&#8220; css=&#8220;.vc_custom_1547040957089{padding-top: 87px !important;padding-bottom: 78px !important;}&#8220; simple_background_color=&#8220;#fafafa&#8220;][vc_column width=&#8220;1\/2&#8243; offset=&#8220;vc_col-lg-offset-0 vc_col-lg-3 vc_col-md-offset-0 vc_col-md-6 vc_col-sm-offset-0&#8243;][vc_column_text]<\/p>\n<h5>New York<\/h5>\n<p>[\/vc_column_text][vc_column_text]<a href=\"https:\/\/www.google.rs\/maps\/place\/The+Dutch\/@40.7245145,-74.0053463,14.25z\/data=!4m8!1m2!2m1!1s198+West+21th+Street,+Suite+721+New+York+NY+10010!3m4!1s0x89c2598db87d10dd:0x9261e9e15b5722c4!8m2!3d40.7265433!4d-74.0020877\" target=\"_blank\" rel=\"noopener\">198 West 21th Street, Suite 721<\/a><br \/>\nNew York NY 10010<br \/>\nEmail: <a href=\"mail@example.com\">mail@example.com<\/a><br \/>\nPhone: <a href=\"tel:+88 (0) 101 0000 000\">+88 (0) 101 0000 000<\/a>[\/vc_column_text][vc_empty_space height=&#8220;33px&#8220;][\/vc_column][vc_column width=&#8220;1\/2&#8243; offset=&#8220;vc_col-lg-offset-0 vc_col-lg-3 vc_col-md-offset-0 vc_col-md-6 vc_col-sm-offset-0&#8243;][vc_column_text]<\/p>\n<h5>Amsterdam<\/h5>\n<p>[\/vc_column_text][vc_column_text]<a href=\"https:\/\/www.google.rs\/maps\/place\/The+Dutch\/@40.7245145,-74.0053463,14.25z\/data=!4m8!1m2!2m1!1s198+West+21th+Street,+Suite+721+New+York+NY+10010!3m4!1s0x89c2598db87d10dd:0x9261e9e15b5722c4!8m2!3d40.7265433!4d-74.0020877\" target=\"_blank\" rel=\"noopener\">198 West 21th Street, Suite 721<\/a><br \/>\nNew York NY 10010<br \/>\nEmail: <a href=\"mail@example.com\">mail@example.com<\/a><br \/>\nPhone: <a href=\"tel:+88 (0) 101 0000 000\">+88 (0) 101 0000 000<\/a>[\/vc_column_text][vc_empty_space height=&#8220;33px&#8220;][\/vc_column][vc_column width=&#8220;1\/2&#8243; offset=&#8220;vc_col-lg-offset-0 vc_col-lg-3 vc_col-md-offset-0 vc_col-md-6 vc_col-sm-offset-0&#8243;][vc_column_text]<\/p>\n<h5>London<\/h5>\n<p>[\/vc_column_text][vc_column_text]<a href=\"https:\/\/www.google.rs\/maps\/place\/The+Dutch\/@40.7245145,-74.0053463,14.25z\/data=!4m8!1m2!2m1!1s198+West+21th+Street,+Suite+721+New+York+NY+10010!3m4!1s0x89c2598db87d10dd:0x9261e9e15b5722c4!8m2!3d40.7265433!4d-74.0020877\" target=\"_blank\" rel=\"noopener\">198 West 21th Street, Suite 721<\/a><br \/>\nNew York NY 10010<br \/>\nEmail: <a href=\"mail@example.com\">mail@example.com<\/a><br \/>\nPhone: <a href=\"tel:+88 (0) 101 0000 000\">+88 (0) 101 0000 000<\/a>[\/vc_column_text][vc_empty_space height=&#8220;33px&#8220;][\/vc_column][vc_column width=&#8220;1\/2&#8243; offset=&#8220;vc_col-lg-offset-0 vc_col-lg-3 vc_col-md-offset-0 vc_col-md-6 vc_col-sm-offset-0&#8243;][vc_column_text]<\/p>\n<h5>San Francisco<\/h5>\n<p>[\/vc_column_text][vc_column_text]<a href=\"https:\/\/www.google.rs\/maps\/place\/The+Dutch\/@40.7245145,-74.0053463,14.25z\/data=!4m8!1m2!2m1!1s198+West+21th+Street,+Suite+721+New+York+NY+10010!3m4!1s0x89c2598db87d10dd:0x9261e9e15b5722c4!8m2!3d40.7265433!4d-74.0020877\" target=\"_blank\" rel=\"noopener\">198 West 21th Street, Suite 721<\/a><br \/>\nNew York NY 10010<br \/>\nEmail: <a href=\"mail@example.com\">mail@example.com<\/a><br \/>\nPhone: <a href=\"tel:+88 (0) 101 0000 000\">+88 (0) 101 0000 000<\/a>[\/vc_column_text][vc_empty_space height=&#8220;33px&#8220;][\/vc_column][\/vc_row]<\/p>\n","protected":false},"excerpt":{"rendered":"<p>[vc_row row_content_width=&#8220;grid&#8220; css=&#8220;.vc_custom_1528269335985{padding-top: 160px !important;}&#8220;][vc_column][\/vc_column][\/vc_row][vc_row row_content_width=&#8220;grid&#8220; css=&#8220;.vc_custom_1547567623912{padding-top: 55px !important;padding-bottom: 55px !important;}&#8220;][vc_column][\/vc_column][\/vc_row][vc_row][vc_column][vc_row_inner][vc_column_inner][\/vc_column_inner][\/vc_row_inner][\/vc_column][\/vc_row][vc_row disable_element=&#8220;yes&#8220; row_content_width=&#8220;grid&#8220; css=&#8220;.vc_custom_1547040957089{padding-top: 87px !important;padding-bottom: 78px !important;}&#8220; simple_background_color=&#8220;#fafafa&#8220;][vc_column width=&#8220;1\/2&#8243; offset=&#8220;vc_col-lg-offset-0 vc_col-lg-3 vc_col-md-offset-0 vc_col-md-6 vc_col-sm-offset-0&#8243;][vc_column_text] New York [\/vc_column_text][vc_column_text]198 West 21th Street, Suite 721 New York NY 10010 Email: mail@example.com Phone: [&hellip;]<\/p>\n","protected":false},"author":1,"featured_media":0,"parent":0,"menu_order":0,"comment_status":"closed","ping_status":"closed","template":"","meta":[],"yoast_head":"<!-- This site is optimized with the Yoast SEO plugin v19.8 - https:\/\/yoast.com\/wordpress\/plugins\/seo\/ -->\n<title>Diabetes mellitus Typ 2 | Op. Dr. \u0130sa Kaman<\/title>\n<meta name=\"robots\" content=\"index, follow, max-snippet:-1, max-image-preview:large, max-video-preview:-1\" \/>\n<link rel=\"canonical\" href=\"https:\/\/isakaman.com\/de\/diabetes-mellitus-typ-2\/\" \/>\n<meta property=\"og:locale\" content=\"de_DE\" \/>\n<meta property=\"og:type\" content=\"article\" \/>\n<meta property=\"og:title\" content=\"Diabetes mellitus Typ 2 | Op. Dr. \u0130sa Kaman\" \/>\n<meta property=\"og:description\" content=\"[vc_row row_content_width=&#8220;grid&#8220; css=&#8220;.vc_custom_1528269335985{padding-top: 160px !important;}&#8220;][vc_column][\/vc_column][\/vc_row][vc_row row_content_width=&#8220;grid&#8220; css=&#8220;.vc_custom_1547567623912{padding-top: 55px !important;padding-bottom: 55px !important;}&#8220;][vc_column][\/vc_column][\/vc_row][vc_row][vc_column][vc_row_inner][vc_column_inner][\/vc_column_inner][\/vc_row_inner][\/vc_column][\/vc_row][vc_row disable_element=&#8220;yes&#8220; row_content_width=&#8220;grid&#8220; css=&#8220;.vc_custom_1547040957089{padding-top: 87px !important;padding-bottom: 78px !important;}&#8220; simple_background_color=&#8220;#fafafa&#8220;][vc_column width=&#8220;1\/2&#8243; offset=&#8220;vc_col-lg-offset-0 vc_col-lg-3 vc_col-md-offset-0 vc_col-md-6 vc_col-sm-offset-0&#8243;][vc_column_text] New York [\/vc_column_text][vc_column_text]198 West 21th Street, Suite 721 New York NY 10010 Email: mail@example.com Phone: [&hellip;]\" \/>\n<meta property=\"og:url\" content=\"https:\/\/isakaman.com\/de\/diabetes-mellitus-typ-2\/\" \/>\n<meta property=\"og:site_name\" content=\"Op. Dr. \u0130sa Kaman\" \/>\n<meta property=\"article:modified_time\" content=\"2019-05-30T12:47:24+00:00\" \/>\n<meta name=\"twitter:card\" content=\"summary_large_image\" \/>\n<meta name=\"twitter:label1\" content=\"Gesch\u00e4tzte Lesezeit\" \/>\n\t<meta name=\"twitter:data1\" content=\"8\u00a0Minuten\" \/>\n<script type=\"application\/ld+json\" class=\"yoast-schema-graph\">{\"@context\":\"https:\/\/schema.org\",\"@graph\":[{\"@type\":\"WebPage\",\"@id\":\"https:\/\/isakaman.com\/de\/diabetes-mellitus-typ-2\/\",\"url\":\"https:\/\/isakaman.com\/de\/diabetes-mellitus-typ-2\/\",\"name\":\"Diabetes mellitus Typ 2 | Op. Dr. \u0130sa Kaman\",\"isPartOf\":{\"@id\":\"https:\/\/isakaman.com\/#website\"},\"datePublished\":\"2019-01-09T13:11:39+00:00\",\"dateModified\":\"2019-05-30T12:47:24+00:00\",\"breadcrumb\":{\"@id\":\"https:\/\/isakaman.com\/de\/diabetes-mellitus-typ-2\/#breadcrumb\"},\"inLanguage\":\"de\",\"potentialAction\":[{\"@type\":\"ReadAction\",\"target\":[\"https:\/\/isakaman.com\/de\/diabetes-mellitus-typ-2\/\"]}]},{\"@type\":\"BreadcrumbList\",\"@id\":\"https:\/\/isakaman.com\/de\/diabetes-mellitus-typ-2\/#breadcrumb\",\"itemListElement\":[{\"@type\":\"ListItem\",\"position\":1,\"name\":\"Ana sayfa\",\"item\":\"https:\/\/isakaman.com\/de\/\"},{\"@type\":\"ListItem\",\"position\":2,\"name\":\"Diabetes mellitus Typ 2\"}]},{\"@type\":\"WebSite\",\"@id\":\"https:\/\/isakaman.com\/#website\",\"url\":\"https:\/\/isakaman.com\/\",\"name\":\"Op. Dr. \u0130sa Kaman\",\"description\":\"T\u00fcp Mide Ameliyat\u0131 | Mide K\u00fc\u00e7\u00fcltme | T\u00fcp Mide | Mide Balonu | Mide Bypass | \u0130leal \u0130nterpozisyon | Tip2 Ameliyat\",\"potentialAction\":[{\"@type\":\"SearchAction\",\"target\":{\"@type\":\"EntryPoint\",\"urlTemplate\":\"https:\/\/isakaman.com\/?s={search_term_string}\"},\"query-input\":\"required name=search_term_string\"}],\"inLanguage\":\"de\"}]}<\/script>\n<!-- \/ Yoast SEO plugin. -->","yoast_head_json":{"title":"Diabetes mellitus Typ 2 | Op. Dr. \u0130sa Kaman","robots":{"index":"index","follow":"follow","max-snippet":"max-snippet:-1","max-image-preview":"max-image-preview:large","max-video-preview":"max-video-preview:-1"},"canonical":"https:\/\/isakaman.com\/de\/diabetes-mellitus-typ-2\/","og_locale":"de_DE","og_type":"article","og_title":"Diabetes mellitus Typ 2 | Op. Dr. \u0130sa Kaman","og_description":"[vc_row row_content_width=&#8220;grid&#8220; css=&#8220;.vc_custom_1528269335985{padding-top: 160px !important;}&#8220;][vc_column][\/vc_column][\/vc_row][vc_row row_content_width=&#8220;grid&#8220; css=&#8220;.vc_custom_1547567623912{padding-top: 55px !important;padding-bottom: 55px !important;}&#8220;][vc_column][\/vc_column][\/vc_row][vc_row][vc_column][vc_row_inner][vc_column_inner][\/vc_column_inner][\/vc_row_inner][\/vc_column][\/vc_row][vc_row disable_element=&#8220;yes&#8220; row_content_width=&#8220;grid&#8220; css=&#8220;.vc_custom_1547040957089{padding-top: 87px !important;padding-bottom: 78px !important;}&#8220; simple_background_color=&#8220;#fafafa&#8220;][vc_column width=&#8220;1\/2&#8243; offset=&#8220;vc_col-lg-offset-0 vc_col-lg-3 vc_col-md-offset-0 vc_col-md-6 vc_col-sm-offset-0&#8243;][vc_column_text] New York [\/vc_column_text][vc_column_text]198 West 21th Street, Suite 721 New York NY 10010 Email: mail@example.com Phone: [&hellip;]","og_url":"https:\/\/isakaman.com\/de\/diabetes-mellitus-typ-2\/","og_site_name":"Op. Dr. \u0130sa Kaman","article_modified_time":"2019-05-30T12:47:24+00:00","twitter_card":"summary_large_image","twitter_misc":{"Gesch\u00e4tzte Lesezeit":"8\u00a0Minuten"},"schema":{"@context":"https:\/\/schema.org","@graph":[{"@type":"WebPage","@id":"https:\/\/isakaman.com\/de\/diabetes-mellitus-typ-2\/","url":"https:\/\/isakaman.com\/de\/diabetes-mellitus-typ-2\/","name":"Diabetes mellitus Typ 2 | Op. Dr. \u0130sa Kaman","isPartOf":{"@id":"https:\/\/isakaman.com\/#website"},"datePublished":"2019-01-09T13:11:39+00:00","dateModified":"2019-05-30T12:47:24+00:00","breadcrumb":{"@id":"https:\/\/isakaman.com\/de\/diabetes-mellitus-typ-2\/#breadcrumb"},"inLanguage":"de","potentialAction":[{"@type":"ReadAction","target":["https:\/\/isakaman.com\/de\/diabetes-mellitus-typ-2\/"]}]},{"@type":"BreadcrumbList","@id":"https:\/\/isakaman.com\/de\/diabetes-mellitus-typ-2\/#breadcrumb","itemListElement":[{"@type":"ListItem","position":1,"name":"Ana sayfa","item":"https:\/\/isakaman.com\/de\/"},{"@type":"ListItem","position":2,"name":"Diabetes mellitus Typ 2"}]},{"@type":"WebSite","@id":"https:\/\/isakaman.com\/#website","url":"https:\/\/isakaman.com\/","name":"Op. Dr. \u0130sa Kaman","description":"T\u00fcp Mide Ameliyat\u0131 | Mide K\u00fc\u00e7\u00fcltme | T\u00fcp Mide | Mide Balonu | Mide Bypass | \u0130leal \u0130nterpozisyon | Tip2 Ameliyat","potentialAction":[{"@type":"SearchAction","target":{"@type":"EntryPoint","urlTemplate":"https:\/\/isakaman.com\/?s={search_term_string}"},"query-input":"required name=search_term_string"}],"inLanguage":"de"}]}},"_links":{"self":[{"href":"https:\/\/isakaman.com\/de\/wp-json\/wp\/v2\/pages\/5759"}],"collection":[{"href":"https:\/\/isakaman.com\/de\/wp-json\/wp\/v2\/pages"}],"about":[{"href":"https:\/\/isakaman.com\/de\/wp-json\/wp\/v2\/types\/page"}],"author":[{"embeddable":true,"href":"https:\/\/isakaman.com\/de\/wp-json\/wp\/v2\/users\/1"}],"replies":[{"embeddable":true,"href":"https:\/\/isakaman.com\/de\/wp-json\/wp\/v2\/comments?post=5759"}],"version-history":[{"count":0,"href":"https:\/\/isakaman.com\/de\/wp-json\/wp\/v2\/pages\/5759\/revisions"}],"wp:attachment":[{"href":"https:\/\/isakaman.com\/de\/wp-json\/wp\/v2\/media?parent=5759"}],"curies":[{"name":"wp","href":"https:\/\/api.w.org\/{rel}","templated":true}]}}