{"id":5764,"date":"2019-01-09T15:19:42","date_gmt":"2019-01-09T12:19:42","guid":{"rendered":"https:\/\/isakaman.com\/sleeve-gastrektomi\/"},"modified":"2019-05-30T16:28:52","modified_gmt":"2019-05-30T13:28:52","slug":"sleeve-gastrektomie","status":"publish","type":"page","link":"https:\/\/isakaman.com\/de\/sleeve-gastrektomie\/","title":{"rendered":"Sleeve Gastrektomie"},"content":{"rendered":"<p>[vc_row row_content_width=&#8220;grid&#8220; css=&#8220;.vc_custom_1528269335985{padding-top: 160px !important;}&#8220;][vc_column width=&#8220;1\/2&#8243;][vc_single_image image=&#8220;5205&#8243; img_size=&#8220;full&#8220;][\/vc_column][vc_column width=&#8220;1\/2&#8243;]<div class=\"mkdf-elements-holder   mkdf-two-columns  mkdf-responsive-mode-768 \" ><div class=\"mkdf-eh-item    \"  data-item-class=\"mkdf-eh-custom-2851\" data-1367-1600=\"0 140px 29px 10px\" data-1025-1366=\"0 28px 30px 14px\" data-769-1024=\"0px 0px 0 40px\" data-681-768=\"63px 88px 0 0\" data-680=\"71px 0px 0 0px\">\n\t<div class=\"mkdf-eh-item-inner\">\n\t\t<div class=\"mkdf-eh-item-content mkdf-eh-custom-2851\" style=\"padding: 0 140px 29px 10px\">\n\t\t\t[vc_column_text]<\/p>\n<h4>Sleeve Gastrektomie (Schlauchmagen-Operation)<\/h4>\n<p>[\/vc_column_text][vc_empty_space height=&#8220;10px&#8220;][vc_column_text]<\/p>\n<p align=\"justify\">Bei der Schlauchmagen-Operationen (auch als \u201cSleeve Gastrektomie\u201d bekannt) wird die Verkleinerung des Magenvolumens und dadurch der Eintritt des S\u00e4ttigungsgef\u00fchls mit sehr geringen Nahrungsmengen beabsichtigt. Zu diesem Zweck wird ein bestimmter Teil des Magens anhand eines chirurgischen Eingriffs entfernt, so da\u00df ein schlauchf\u00f6rmiger Restmagen \u00fcbrig bleibt. Dar\u00fcber hinaus sp\u00fcrt der Patient kein Hungergef\u00fchl, weil der Teil des Magens entfernt wird, der das Hungerhormon sekretiert.<\/p>\n<p align=\"justify\">Mit dieser Operation wird nur die Nahrungsmenge begrenzt; da die Nahrungsmittelabsorption erhalten bleibt, braucht der Patient keine \u00e4u\u00dferliche Vitamine- oder Mineralstofferg\u00e4nzung.<\/p>\n<p align=\"justify\">Nach der Operation k\u00f6nnen die Patienten durch die Aufnahme geringerer Nahrungsmengen einfach das S\u00e4ttigungsgef\u00fchl sp\u00fcren und nach einer Weile wird diese S\u00e4ttigung zum Appetitverlust umgewandelt. Die totale Nahrungsmittelaufnahme vermindert sich eindeutig und innerhalb einiger Jahren nach der Operation kommt es zur Reduktion von 80-90% des \u00dcbergewichts.<\/p>\n<p>[\/vc_column_text][vc_empty_space]\t\t<\/div>\n\t<\/div>\n<\/div><\/div>[\/vc_column][\/vc_row][vc_row][vc_column]<div class=\"mkdf-image-gallery  mkdf-ig-carousel-type mkdf-three-columns mkdf-no-space  mkdf-image-behavior-lightbox\">\n\t<div class=\"mkdf-ig-slider mkdf-owl-slider\" data-number-of-items=\"4\" data-enable-loop=\"yes\" data-enable-autoplay=\"yes\" data-slider-speed=\"4000\" data-slider-speed-animation=\"600\" data-slider-padding=\"no\" data-enable-navigation=\"no\" data-enable-pagination=\"no\">\n\t\t\t\t\t<div class=\"mkdf-ig-image\">\n\t\t\t\t\t\t\t\t\t<a itemprop=\"image\" class=\"mkdf-ig-lightbox mkdf-block-drag-link\" href=\"\" data-rel=\"prettyPhoto[image_gallery_pretty_photo-389]\" title=\"\">\n\t\t\t\t\t\t\t\t\t\t\t\t\t\t\t\t\t\t<\/a>\n\t\t\t\t\t\t\t<\/div>\n\t\t\t\t\t<div class=\"mkdf-ig-image\">\n\t\t\t\t\t\t\t\t\t<a itemprop=\"image\" class=\"mkdf-ig-lightbox mkdf-block-drag-link\" href=\"\" data-rel=\"prettyPhoto[image_gallery_pretty_photo-389]\" title=\"\">\n\t\t\t\t\t\t\t\t\t\t\t\t\t\t\t\t\t\t<\/a>\n\t\t\t\t\t\t\t<\/div>\n\t\t\t\t\t<div class=\"mkdf-ig-image\">\n\t\t\t\t\t\t\t\t\t<a itemprop=\"image\" class=\"mkdf-ig-lightbox mkdf-block-drag-link\" href=\"\" data-rel=\"prettyPhoto[image_gallery_pretty_photo-389]\" title=\"\">\n\t\t\t\t\t\t\t\t\t\t\t\t\t\t\t\t\t\t<\/a>\n\t\t\t\t\t\t\t<\/div>\n\t\t\t\t\t<div class=\"mkdf-ig-image\">\n\t\t\t\t\t\t\t\t\t<a itemprop=\"image\" class=\"mkdf-ig-lightbox mkdf-block-drag-link\" href=\"\" data-rel=\"prettyPhoto[image_gallery_pretty_photo-389]\" title=\"\">\n\t\t\t\t\t\t\t\t\t\t\t\t\t\t\t\t\t\t<\/a>\n\t\t\t\t\t\t\t<\/div>\n\t\t\t<\/div>\n<\/div>[\/vc_column][\/vc_row][vc_row disable_element=&#8220;yes&#8220; row_content_width=&#8220;grid&#8220; css=&#8220;.vc_custom_1547045456725{padding-top: 87px !important;padding-bottom: 78px !important;}&#8220; simple_background_color=&#8220;#fafafa&#8220;][vc_column width=&#8220;1\/2&#8243; offset=&#8220;vc_col-lg-offset-0 vc_col-lg-3 vc_col-md-offset-0 vc_col-md-6 vc_col-sm-offset-0&#8243;][vc_column_text]<\/p>\n<h5>New York<\/h5>\n<p>[\/vc_column_text][vc_column_text]<a href=\"https:\/\/www.google.rs\/maps\/place\/The+Dutch\/@40.7245145,-74.0053463,14.25z\/data=!4m8!1m2!2m1!1s198+West+21th+Street,+Suite+721+New+York+NY+10010!3m4!1s0x89c2598db87d10dd:0x9261e9e15b5722c4!8m2!3d40.7265433!4d-74.0020877\" target=\"_blank\" rel=\"noopener\">198 West 21th Street, Suite 721<\/a><br \/>\nNew York NY 10010<br \/>\nEmail: <a href=\"mail@example.com\">mail@example.com<\/a><br \/>\nPhone: <a href=\"tel:+88 (0) 101 0000 000\">+88 (0) 101 0000 000<\/a>[\/vc_column_text][vc_empty_space height=&#8220;33px&#8220;][\/vc_column][vc_column width=&#8220;1\/2&#8243; offset=&#8220;vc_col-lg-offset-0 vc_col-lg-3 vc_col-md-offset-0 vc_col-md-6 vc_col-sm-offset-0&#8243;][vc_column_text]<\/p>\n<h5>Amsterdam<\/h5>\n<p>[\/vc_column_text][vc_column_text]<a href=\"https:\/\/www.google.rs\/maps\/place\/The+Dutch\/@40.7245145,-74.0053463,14.25z\/data=!4m8!1m2!2m1!1s198+West+21th+Street,+Suite+721+New+York+NY+10010!3m4!1s0x89c2598db87d10dd:0x9261e9e15b5722c4!8m2!3d40.7265433!4d-74.0020877\" target=\"_blank\" rel=\"noopener\">198 West 21th Street, Suite 721<\/a><br \/>\nNew York NY 10010<br \/>\nEmail: <a href=\"mail@example.com\">mail@example.com<\/a><br \/>\nPhone: <a href=\"tel:+88 (0) 101 0000 000\">+88 (0) 101 0000 000<\/a>[\/vc_column_text][vc_empty_space height=&#8220;33px&#8220;][\/vc_column][vc_column width=&#8220;1\/2&#8243; offset=&#8220;vc_col-lg-offset-0 vc_col-lg-3 vc_col-md-offset-0 vc_col-md-6 vc_col-sm-offset-0&#8243;][vc_column_text]<\/p>\n<h5>London<\/h5>\n<p>[\/vc_column_text][vc_column_text]<a href=\"https:\/\/www.google.rs\/maps\/place\/The+Dutch\/@40.7245145,-74.0053463,14.25z\/data=!4m8!1m2!2m1!1s198+West+21th+Street,+Suite+721+New+York+NY+10010!3m4!1s0x89c2598db87d10dd:0x9261e9e15b5722c4!8m2!3d40.7265433!4d-74.0020877\" target=\"_blank\" rel=\"noopener\">198 West 21th Street, Suite 721<\/a><br \/>\nNew York NY 10010<br \/>\nEmail: <a href=\"mail@example.com\">mail@example.com<\/a><br \/>\nPhone: <a href=\"tel:+88 (0) 101 0000 000\">+88 (0) 101 0000 000<\/a>[\/vc_column_text][vc_empty_space height=&#8220;33px&#8220;][\/vc_column][vc_column width=&#8220;1\/2&#8243; offset=&#8220;vc_col-lg-offset-0 vc_col-lg-3 vc_col-md-offset-0 vc_col-md-6 vc_col-sm-offset-0&#8243;][vc_column_text]<\/p>\n<h5>San Francisco<\/h5>\n<p>[\/vc_column_text][vc_column_text]<a href=\"https:\/\/www.google.rs\/maps\/place\/The+Dutch\/@40.7245145,-74.0053463,14.25z\/data=!4m8!1m2!2m1!1s198+West+21th+Street,+Suite+721+New+York+NY+10010!3m4!1s0x89c2598db87d10dd:0x9261e9e15b5722c4!8m2!3d40.7265433!4d-74.0020877\" target=\"_blank\" rel=\"noopener\">198 West 21th Street, Suite 721<\/a><br \/>\nNew York NY 10010<br \/>\nEmail: <a href=\"mail@example.com\">mail@example.com<\/a><br \/>\nPhone: <a href=\"tel:+88 (0) 101 0000 000\">+88 (0) 101 0000 000<\/a>[\/vc_column_text][vc_empty_space height=&#8220;33px&#8220;][\/vc_column][\/vc_row]<\/p>\n","protected":false},"excerpt":{"rendered":"<p>[vc_row row_content_width=&#8220;grid&#8220; css=&#8220;.vc_custom_1528269335985{padding-top: 160px !important;}&#8220;][vc_column width=&#8220;1\/2&#8243;][vc_single_image image=&#8220;5205&#8243; img_size=&#8220;full&#8220;][\/vc_column][vc_column width=&#8220;1\/2&#8243;][\/vc_column][\/vc_row][vc_row][vc_column][\/vc_column][\/vc_row][vc_row disable_element=&#8220;yes&#8220; row_content_width=&#8220;grid&#8220; css=&#8220;.vc_custom_1547045456725{padding-top: 87px !important;padding-bottom: 78px !important;}&#8220; simple_background_color=&#8220;#fafafa&#8220;][vc_column width=&#8220;1\/2&#8243; offset=&#8220;vc_col-lg-offset-0 vc_col-lg-3 vc_col-md-offset-0 vc_col-md-6 vc_col-sm-offset-0&#8243;][vc_column_text] New York [\/vc_column_text][vc_column_text]198 West 21th Street, Suite 721 New York NY 10010 Email: mail@example.com Phone: +88 (0) [&hellip;]<\/p>\n","protected":false},"author":1,"featured_media":0,"parent":0,"menu_order":0,"comment_status":"closed","ping_status":"closed","template":"","meta":[],"yoast_head":"<!-- This site is optimized with the Yoast SEO plugin v19.8 - https:\/\/yoast.com\/wordpress\/plugins\/seo\/ -->\n<title>Sleeve Gastrektomie | Op. Dr. \u0130sa Kaman<\/title>\n<meta name=\"robots\" content=\"index, follow, max-snippet:-1, max-image-preview:large, max-video-preview:-1\" \/>\n<link rel=\"canonical\" href=\"https:\/\/isakaman.com\/de\/sleeve-gastrektomie\/\" \/>\n<meta property=\"og:locale\" content=\"de_DE\" \/>\n<meta property=\"og:type\" content=\"article\" \/>\n<meta property=\"og:title\" content=\"Sleeve Gastrektomie | Op. Dr. \u0130sa Kaman\" \/>\n<meta property=\"og:description\" content=\"[vc_row row_content_width=&#8220;grid&#8220; css=&#8220;.vc_custom_1528269335985{padding-top: 160px !important;}&#8220;][vc_column width=&#8220;1\/2&#8243;][vc_single_image image=&#8220;5205&#8243; img_size=&#8220;full&#8220;][\/vc_column][vc_column width=&#8220;1\/2&#8243;][\/vc_column][\/vc_row][vc_row][vc_column][\/vc_column][\/vc_row][vc_row disable_element=&#8220;yes&#8220; row_content_width=&#8220;grid&#8220; css=&#8220;.vc_custom_1547045456725{padding-top: 87px !important;padding-bottom: 78px !important;}&#8220; simple_background_color=&#8220;#fafafa&#8220;][vc_column width=&#8220;1\/2&#8243; offset=&#8220;vc_col-lg-offset-0 vc_col-lg-3 vc_col-md-offset-0 vc_col-md-6 vc_col-sm-offset-0&#8243;][vc_column_text] New York [\/vc_column_text][vc_column_text]198 West 21th Street, Suite 721 New York NY 10010 Email: mail@example.com Phone: +88 (0) [&hellip;]\" \/>\n<meta property=\"og:url\" content=\"https:\/\/isakaman.com\/de\/sleeve-gastrektomie\/\" \/>\n<meta property=\"og:site_name\" content=\"Op. Dr. \u0130sa Kaman\" \/>\n<meta property=\"article:modified_time\" content=\"2019-05-30T13:28:52+00:00\" \/>\n<meta name=\"twitter:card\" content=\"summary_large_image\" \/>\n<meta name=\"twitter:label1\" content=\"Gesch\u00e4tzte Lesezeit\" \/>\n\t<meta name=\"twitter:data1\" content=\"3\u00a0Minuten\" \/>\n<script type=\"application\/ld+json\" class=\"yoast-schema-graph\">{\"@context\":\"https:\/\/schema.org\",\"@graph\":[{\"@type\":\"WebPage\",\"@id\":\"https:\/\/isakaman.com\/de\/sleeve-gastrektomie\/\",\"url\":\"https:\/\/isakaman.com\/de\/sleeve-gastrektomie\/\",\"name\":\"Sleeve Gastrektomie | Op. Dr. \u0130sa Kaman\",\"isPartOf\":{\"@id\":\"https:\/\/isakaman.com\/#website\"},\"datePublished\":\"2019-01-09T12:19:42+00:00\",\"dateModified\":\"2019-05-30T13:28:52+00:00\",\"breadcrumb\":{\"@id\":\"https:\/\/isakaman.com\/de\/sleeve-gastrektomie\/#breadcrumb\"},\"inLanguage\":\"de\",\"potentialAction\":[{\"@type\":\"ReadAction\",\"target\":[\"https:\/\/isakaman.com\/de\/sleeve-gastrektomie\/\"]}]},{\"@type\":\"BreadcrumbList\",\"@id\":\"https:\/\/isakaman.com\/de\/sleeve-gastrektomie\/#breadcrumb\",\"itemListElement\":[{\"@type\":\"ListItem\",\"position\":1,\"name\":\"Ana sayfa\",\"item\":\"https:\/\/isakaman.com\/de\/\"},{\"@type\":\"ListItem\",\"position\":2,\"name\":\"Sleeve Gastrektomie\"}]},{\"@type\":\"WebSite\",\"@id\":\"https:\/\/isakaman.com\/#website\",\"url\":\"https:\/\/isakaman.com\/\",\"name\":\"Op. Dr. \u0130sa Kaman\",\"description\":\"T\u00fcp Mide Ameliyat\u0131 | Mide K\u00fc\u00e7\u00fcltme | T\u00fcp Mide | Mide Balonu | Mide Bypass | \u0130leal \u0130nterpozisyon | Tip2 Ameliyat\",\"potentialAction\":[{\"@type\":\"SearchAction\",\"target\":{\"@type\":\"EntryPoint\",\"urlTemplate\":\"https:\/\/isakaman.com\/?s={search_term_string}\"},\"query-input\":\"required name=search_term_string\"}],\"inLanguage\":\"de\"}]}<\/script>\n<!-- \/ Yoast SEO plugin. -->","yoast_head_json":{"title":"Sleeve Gastrektomie | Op. Dr. \u0130sa Kaman","robots":{"index":"index","follow":"follow","max-snippet":"max-snippet:-1","max-image-preview":"max-image-preview:large","max-video-preview":"max-video-preview:-1"},"canonical":"https:\/\/isakaman.com\/de\/sleeve-gastrektomie\/","og_locale":"de_DE","og_type":"article","og_title":"Sleeve Gastrektomie | Op. Dr. \u0130sa Kaman","og_description":"[vc_row row_content_width=&#8220;grid&#8220; css=&#8220;.vc_custom_1528269335985{padding-top: 160px !important;}&#8220;][vc_column width=&#8220;1\/2&#8243;][vc_single_image image=&#8220;5205&#8243; img_size=&#8220;full&#8220;][\/vc_column][vc_column width=&#8220;1\/2&#8243;][\/vc_column][\/vc_row][vc_row][vc_column][\/vc_column][\/vc_row][vc_row disable_element=&#8220;yes&#8220; row_content_width=&#8220;grid&#8220; css=&#8220;.vc_custom_1547045456725{padding-top: 87px !important;padding-bottom: 78px !important;}&#8220; simple_background_color=&#8220;#fafafa&#8220;][vc_column width=&#8220;1\/2&#8243; offset=&#8220;vc_col-lg-offset-0 vc_col-lg-3 vc_col-md-offset-0 vc_col-md-6 vc_col-sm-offset-0&#8243;][vc_column_text] New York [\/vc_column_text][vc_column_text]198 West 21th Street, Suite 721 New York NY 10010 Email: mail@example.com Phone: +88 (0) [&hellip;]","og_url":"https:\/\/isakaman.com\/de\/sleeve-gastrektomie\/","og_site_name":"Op. Dr. \u0130sa Kaman","article_modified_time":"2019-05-30T13:28:52+00:00","twitter_card":"summary_large_image","twitter_misc":{"Gesch\u00e4tzte Lesezeit":"3\u00a0Minuten"},"schema":{"@context":"https:\/\/schema.org","@graph":[{"@type":"WebPage","@id":"https:\/\/isakaman.com\/de\/sleeve-gastrektomie\/","url":"https:\/\/isakaman.com\/de\/sleeve-gastrektomie\/","name":"Sleeve Gastrektomie | Op. Dr. \u0130sa Kaman","isPartOf":{"@id":"https:\/\/isakaman.com\/#website"},"datePublished":"2019-01-09T12:19:42+00:00","dateModified":"2019-05-30T13:28:52+00:00","breadcrumb":{"@id":"https:\/\/isakaman.com\/de\/sleeve-gastrektomie\/#breadcrumb"},"inLanguage":"de","potentialAction":[{"@type":"ReadAction","target":["https:\/\/isakaman.com\/de\/sleeve-gastrektomie\/"]}]},{"@type":"BreadcrumbList","@id":"https:\/\/isakaman.com\/de\/sleeve-gastrektomie\/#breadcrumb","itemListElement":[{"@type":"ListItem","position":1,"name":"Ana sayfa","item":"https:\/\/isakaman.com\/de\/"},{"@type":"ListItem","position":2,"name":"Sleeve Gastrektomie"}]},{"@type":"WebSite","@id":"https:\/\/isakaman.com\/#website","url":"https:\/\/isakaman.com\/","name":"Op. Dr. \u0130sa Kaman","description":"T\u00fcp Mide Ameliyat\u0131 | Mide K\u00fc\u00e7\u00fcltme | T\u00fcp Mide | Mide Balonu | Mide Bypass | \u0130leal \u0130nterpozisyon | Tip2 Ameliyat","potentialAction":[{"@type":"SearchAction","target":{"@type":"EntryPoint","urlTemplate":"https:\/\/isakaman.com\/?s={search_term_string}"},"query-input":"required name=search_term_string"}],"inLanguage":"de"}]}},"_links":{"self":[{"href":"https:\/\/isakaman.com\/de\/wp-json\/wp\/v2\/pages\/5764"}],"collection":[{"href":"https:\/\/isakaman.com\/de\/wp-json\/wp\/v2\/pages"}],"about":[{"href":"https:\/\/isakaman.com\/de\/wp-json\/wp\/v2\/types\/page"}],"author":[{"embeddable":true,"href":"https:\/\/isakaman.com\/de\/wp-json\/wp\/v2\/users\/1"}],"replies":[{"embeddable":true,"href":"https:\/\/isakaman.com\/de\/wp-json\/wp\/v2\/comments?post=5764"}],"version-history":[{"count":0,"href":"https:\/\/isakaman.com\/de\/wp-json\/wp\/v2\/pages\/5764\/revisions"}],"wp:attachment":[{"href":"https:\/\/isakaman.com\/de\/wp-json\/wp\/v2\/media?parent=5764"}],"curies":[{"name":"wp","href":"https:\/\/api.w.org\/{rel}","templated":true}]}}