{"id":5765,"date":"2019-01-09T15:36:09","date_gmt":"2019-01-09T12:36:09","guid":{"rendered":"https:\/\/isakaman.com\/gastrik-bypass\/"},"modified":"2019-05-30T16:30:34","modified_gmt":"2019-05-30T13:30:34","slug":"gastrischer-bypass","status":"publish","type":"page","link":"https:\/\/isakaman.com\/de\/gastrischer-bypass\/","title":{"rendered":"Gastrischer Bypass"},"content":{"rendered":"<p>[vc_row row_content_width=&#8220;grid&#8220; css=&#8220;.vc_custom_1528269335985{padding-top: 160px !important;}&#8220;][vc_column width=&#8220;1\/2&#8243;][vc_single_image image=&#8220;5208&#8243; img_size=&#8220;full&#8220;][\/vc_column][vc_column width=&#8220;1\/2&#8243;]<div class=\"mkdf-elements-holder   mkdf-two-columns  mkdf-responsive-mode-768 \" ><div class=\"mkdf-eh-item    \"  data-item-class=\"mkdf-eh-custom-1125\" data-1367-1600=\"0 140px 29px 10px\" data-1025-1366=\"0 28px 30px 14px\" data-769-1024=\"0px 0px 0 40px\" data-681-768=\"63px 88px 0 0\" data-680=\"71px 0px 0 0px\">\n\t<div class=\"mkdf-eh-item-inner\">\n\t\t<div class=\"mkdf-eh-item-content mkdf-eh-custom-1125\" style=\"padding: 0 140px 29px 10px\">\n\t\t\t[vc_column_text]<\/p>\n<h4>Gastrischer Bypass (Magenbypass)<\/h4>\n<p>[\/vc_column_text][vc_empty_space height=&#8220;10px&#8220;][vc_column_text]<\/p>\n<p align=\"justify\">Bei der gastrischen Bypass-Operationen wird ein gro\u00dfer Teil des Magens durch einen Bypass-Eingriff entnommen, wobei der kleine Restmagen (ca. 30-50 cc) und die D\u00fcnnd\u00e4rme aneinander angen\u00e4ht. Bei dieser Operation werden sowohl die Verkleinerung des Magens wie bei der sonstigen chirurgischen Adipositas-Operationen als auch die Entnahme eines Teils der D\u00e4rme und dadurch die Ausscheidung eines Teils der verbrauchten Nahrungsmitteln ohne Absorption beabsichtigt. Dadurch haben die Patiente das S\u00e4ttigungsgef\u00fchl mit sehr geringen Nahrungsmengen und nur ein Teil der Nahrung wird absorbiert.<\/p>\n<p align=\"justify\">Nach der Operation k\u00f6nnen die Patienten durch die Aufnahme geringerer Nahrungsmengen einfach das S\u00e4ttigungsgef\u00fchl sp\u00fcren und nach einer Weile wird diese S\u00e4ttigung zum Appetitverlust umgewandelt. Die totale Nahrungsmittelaufnahme vermindert sich eindeutig. Abh\u00e4ngig von der verkleinerten Abmessung des neu gebildeten Magens und von der verminderten Nahrungsabsorption sind die Anweisungen des Chirurgen und der Di\u00e4tassistenten bez\u00fcglich der erforderlichen Vitamine- oder Mineralstofferg\u00e4nzung nachzukommen. Dadurch kann der Patient ohne Vitamine- oder Mineralstoffverlust abnehmen. Die Patienten werden nach drei bis vier Tagen entlassen.<\/p>\n<p>[\/vc_column_text][vc_empty_space]\t\t<\/div>\n\t<\/div>\n<\/div><\/div>[\/vc_column][\/vc_row][vc_row][vc_column]<div class=\"mkdf-image-gallery  mkdf-ig-carousel-type mkdf-three-columns mkdf-no-space  mkdf-image-behavior-lightbox\">\n\t<div class=\"mkdf-ig-slider mkdf-owl-slider\" data-number-of-items=\"4\" data-enable-loop=\"yes\" data-enable-autoplay=\"yes\" data-slider-speed=\"4000\" data-slider-speed-animation=\"600\" data-slider-padding=\"no\" data-enable-navigation=\"no\" data-enable-pagination=\"no\">\n\t\t\t\t\t<div class=\"mkdf-ig-image\">\n\t\t\t\t\t\t\t\t\t<a itemprop=\"image\" class=\"mkdf-ig-lightbox mkdf-block-drag-link\" href=\"\" data-rel=\"prettyPhoto[image_gallery_pretty_photo-438]\" title=\"\">\n\t\t\t\t\t\t\t\t\t\t\t\t\t\t\t\t\t\t<\/a>\n\t\t\t\t\t\t\t<\/div>\n\t\t\t\t\t<div class=\"mkdf-ig-image\">\n\t\t\t\t\t\t\t\t\t<a itemprop=\"image\" class=\"mkdf-ig-lightbox mkdf-block-drag-link\" href=\"\" data-rel=\"prettyPhoto[image_gallery_pretty_photo-438]\" title=\"\">\n\t\t\t\t\t\t\t\t\t\t\t\t\t\t\t\t\t\t<\/a>\n\t\t\t\t\t\t\t<\/div>\n\t\t\t\t\t<div class=\"mkdf-ig-image\">\n\t\t\t\t\t\t\t\t\t<a itemprop=\"image\" class=\"mkdf-ig-lightbox mkdf-block-drag-link\" href=\"\" data-rel=\"prettyPhoto[image_gallery_pretty_photo-438]\" title=\"\">\n\t\t\t\t\t\t\t\t\t\t\t\t\t\t\t\t\t\t<\/a>\n\t\t\t\t\t\t\t<\/div>\n\t\t\t\t\t<div class=\"mkdf-ig-image\">\n\t\t\t\t\t\t\t\t\t<a itemprop=\"image\" class=\"mkdf-ig-lightbox mkdf-block-drag-link\" href=\"\" data-rel=\"prettyPhoto[image_gallery_pretty_photo-438]\" title=\"\">\n\t\t\t\t\t\t\t\t\t\t\t\t\t\t\t\t\t\t<\/a>\n\t\t\t\t\t\t\t<\/div>\n\t\t\t<\/div>\n<\/div>[\/vc_column][\/vc_row][vc_row disable_element=&#8220;yes&#8220; row_content_width=&#8220;grid&#8220; css=&#8220;.vc_custom_1547045552788{padding-top: 87px !important;padding-bottom: 78px !important;}&#8220; simple_background_color=&#8220;#fafafa&#8220;][vc_column width=&#8220;1\/2&#8243; offset=&#8220;vc_col-lg-offset-0 vc_col-lg-3 vc_col-md-offset-0 vc_col-md-6 vc_col-sm-offset-0&#8243;][vc_column_text]<\/p>\n<h5>New York<\/h5>\n<p>[\/vc_column_text][vc_column_text]<a href=\"https:\/\/www.google.rs\/maps\/place\/The+Dutch\/@40.7245145,-74.0053463,14.25z\/data=!4m8!1m2!2m1!1s198+West+21th+Street,+Suite+721+New+York+NY+10010!3m4!1s0x89c2598db87d10dd:0x9261e9e15b5722c4!8m2!3d40.7265433!4d-74.0020877\" target=\"_blank\" rel=\"noopener\">198 West 21th Street, Suite 721<\/a><br \/>\nNew York NY 10010<br \/>\nEmail: <a href=\"mail@example.com\">mail@example.com<\/a><br \/>\nPhone: <a href=\"tel:+88 (0) 101 0000 000\">+88 (0) 101 0000 000<\/a>[\/vc_column_text][vc_empty_space height=&#8220;33px&#8220;][\/vc_column][vc_column width=&#8220;1\/2&#8243; offset=&#8220;vc_col-lg-offset-0 vc_col-lg-3 vc_col-md-offset-0 vc_col-md-6 vc_col-sm-offset-0&#8243;][vc_column_text]<\/p>\n<h5>Amsterdam<\/h5>\n<p>[\/vc_column_text][vc_column_text]<a href=\"https:\/\/www.google.rs\/maps\/place\/The+Dutch\/@40.7245145,-74.0053463,14.25z\/data=!4m8!1m2!2m1!1s198+West+21th+Street,+Suite+721+New+York+NY+10010!3m4!1s0x89c2598db87d10dd:0x9261e9e15b5722c4!8m2!3d40.7265433!4d-74.0020877\" target=\"_blank\" rel=\"noopener\">198 West 21th Street, Suite 721<\/a><br \/>\nNew York NY 10010<br \/>\nEmail: <a href=\"mail@example.com\">mail@example.com<\/a><br \/>\nPhone: <a href=\"tel:+88 (0) 101 0000 000\">+88 (0) 101 0000 000<\/a>[\/vc_column_text][vc_empty_space height=&#8220;33px&#8220;][\/vc_column][vc_column width=&#8220;1\/2&#8243; offset=&#8220;vc_col-lg-offset-0 vc_col-lg-3 vc_col-md-offset-0 vc_col-md-6 vc_col-sm-offset-0&#8243;][vc_column_text]<\/p>\n<h5>London<\/h5>\n<p>[\/vc_column_text][vc_column_text]<a href=\"https:\/\/www.google.rs\/maps\/place\/The+Dutch\/@40.7245145,-74.0053463,14.25z\/data=!4m8!1m2!2m1!1s198+West+21th+Street,+Suite+721+New+York+NY+10010!3m4!1s0x89c2598db87d10dd:0x9261e9e15b5722c4!8m2!3d40.7265433!4d-74.0020877\" target=\"_blank\" rel=\"noopener\">198 West 21th Street, Suite 721<\/a><br \/>\nNew York NY 10010<br \/>\nEmail: <a href=\"mail@example.com\">mail@example.com<\/a><br \/>\nPhone: <a href=\"tel:+88 (0) 101 0000 000\">+88 (0) 101 0000 000<\/a>[\/vc_column_text][vc_empty_space height=&#8220;33px&#8220;][\/vc_column][vc_column width=&#8220;1\/2&#8243; offset=&#8220;vc_col-lg-offset-0 vc_col-lg-3 vc_col-md-offset-0 vc_col-md-6 vc_col-sm-offset-0&#8243;][vc_column_text]<\/p>\n<h5>San Francisco<\/h5>\n<p>[\/vc_column_text][vc_column_text]<a href=\"https:\/\/www.google.rs\/maps\/place\/The+Dutch\/@40.7245145,-74.0053463,14.25z\/data=!4m8!1m2!2m1!1s198+West+21th+Street,+Suite+721+New+York+NY+10010!3m4!1s0x89c2598db87d10dd:0x9261e9e15b5722c4!8m2!3d40.7265433!4d-74.0020877\" target=\"_blank\" rel=\"noopener\">198 West 21th Street, Suite 721<\/a><br \/>\nNew York NY 10010<br \/>\nEmail: <a href=\"mail@example.com\">mail@example.com<\/a><br \/>\nPhone: <a href=\"tel:+88 (0) 101 0000 000\">+88 (0) 101 0000 000<\/a>[\/vc_column_text][vc_empty_space height=&#8220;33px&#8220;][\/vc_column][\/vc_row]<\/p>\n","protected":false},"excerpt":{"rendered":"<p>[vc_row row_content_width=&#8220;grid&#8220; css=&#8220;.vc_custom_1528269335985{padding-top: 160px !important;}&#8220;][vc_column width=&#8220;1\/2&#8243;][vc_single_image image=&#8220;5208&#8243; img_size=&#8220;full&#8220;][\/vc_column][vc_column width=&#8220;1\/2&#8243;][\/vc_column][\/vc_row][vc_row][vc_column][\/vc_column][\/vc_row][vc_row disable_element=&#8220;yes&#8220; row_content_width=&#8220;grid&#8220; css=&#8220;.vc_custom_1547045552788{padding-top: 87px !important;padding-bottom: 78px !important;}&#8220; simple_background_color=&#8220;#fafafa&#8220;][vc_column width=&#8220;1\/2&#8243; offset=&#8220;vc_col-lg-offset-0 vc_col-lg-3 vc_col-md-offset-0 vc_col-md-6 vc_col-sm-offset-0&#8243;][vc_column_text] New York [\/vc_column_text][vc_column_text]198 West 21th Street, Suite 721 New York NY 10010 Email: mail@example.com Phone: +88 (0) [&hellip;]<\/p>\n","protected":false},"author":1,"featured_media":0,"parent":0,"menu_order":0,"comment_status":"closed","ping_status":"closed","template":"","meta":[],"yoast_head":"<!-- This site is optimized with the Yoast SEO plugin v19.8 - https:\/\/yoast.com\/wordpress\/plugins\/seo\/ -->\n<title>Gastrischer Bypass | Op. Dr. \u0130sa Kaman<\/title>\n<meta name=\"robots\" content=\"index, follow, max-snippet:-1, max-image-preview:large, max-video-preview:-1\" \/>\n<link rel=\"canonical\" href=\"https:\/\/isakaman.com\/de\/gastrischer-bypass\/\" \/>\n<meta property=\"og:locale\" content=\"de_DE\" \/>\n<meta property=\"og:type\" content=\"article\" \/>\n<meta property=\"og:title\" content=\"Gastrischer Bypass | Op. Dr. \u0130sa Kaman\" \/>\n<meta property=\"og:description\" content=\"[vc_row row_content_width=&#8220;grid&#8220; css=&#8220;.vc_custom_1528269335985{padding-top: 160px !important;}&#8220;][vc_column width=&#8220;1\/2&#8243;][vc_single_image image=&#8220;5208&#8243; img_size=&#8220;full&#8220;][\/vc_column][vc_column width=&#8220;1\/2&#8243;][\/vc_column][\/vc_row][vc_row][vc_column][\/vc_column][\/vc_row][vc_row disable_element=&#8220;yes&#8220; row_content_width=&#8220;grid&#8220; css=&#8220;.vc_custom_1547045552788{padding-top: 87px !important;padding-bottom: 78px !important;}&#8220; simple_background_color=&#8220;#fafafa&#8220;][vc_column width=&#8220;1\/2&#8243; offset=&#8220;vc_col-lg-offset-0 vc_col-lg-3 vc_col-md-offset-0 vc_col-md-6 vc_col-sm-offset-0&#8243;][vc_column_text] New York [\/vc_column_text][vc_column_text]198 West 21th Street, Suite 721 New York NY 10010 Email: mail@example.com Phone: +88 (0) [&hellip;]\" \/>\n<meta property=\"og:url\" content=\"https:\/\/isakaman.com\/de\/gastrischer-bypass\/\" \/>\n<meta property=\"og:site_name\" content=\"Op. Dr. \u0130sa Kaman\" \/>\n<meta property=\"article:modified_time\" content=\"2019-05-30T13:30:34+00:00\" \/>\n<meta name=\"twitter:card\" content=\"summary_large_image\" \/>\n<meta name=\"twitter:label1\" content=\"Gesch\u00e4tzte Lesezeit\" \/>\n\t<meta name=\"twitter:data1\" content=\"3\u00a0Minuten\" \/>\n<script type=\"application\/ld+json\" class=\"yoast-schema-graph\">{\"@context\":\"https:\/\/schema.org\",\"@graph\":[{\"@type\":\"WebPage\",\"@id\":\"https:\/\/isakaman.com\/de\/gastrischer-bypass\/\",\"url\":\"https:\/\/isakaman.com\/de\/gastrischer-bypass\/\",\"name\":\"Gastrischer Bypass | Op. Dr. \u0130sa Kaman\",\"isPartOf\":{\"@id\":\"https:\/\/isakaman.com\/#website\"},\"datePublished\":\"2019-01-09T12:36:09+00:00\",\"dateModified\":\"2019-05-30T13:30:34+00:00\",\"breadcrumb\":{\"@id\":\"https:\/\/isakaman.com\/de\/gastrischer-bypass\/#breadcrumb\"},\"inLanguage\":\"de\",\"potentialAction\":[{\"@type\":\"ReadAction\",\"target\":[\"https:\/\/isakaman.com\/de\/gastrischer-bypass\/\"]}]},{\"@type\":\"BreadcrumbList\",\"@id\":\"https:\/\/isakaman.com\/de\/gastrischer-bypass\/#breadcrumb\",\"itemListElement\":[{\"@type\":\"ListItem\",\"position\":1,\"name\":\"Ana sayfa\",\"item\":\"https:\/\/isakaman.com\/de\/\"},{\"@type\":\"ListItem\",\"position\":2,\"name\":\"Gastrischer Bypass\"}]},{\"@type\":\"WebSite\",\"@id\":\"https:\/\/isakaman.com\/#website\",\"url\":\"https:\/\/isakaman.com\/\",\"name\":\"Op. Dr. \u0130sa Kaman\",\"description\":\"T\u00fcp Mide Ameliyat\u0131 | Mide K\u00fc\u00e7\u00fcltme | T\u00fcp Mide | Mide Balonu | Mide Bypass | \u0130leal \u0130nterpozisyon | Tip2 Ameliyat\",\"potentialAction\":[{\"@type\":\"SearchAction\",\"target\":{\"@type\":\"EntryPoint\",\"urlTemplate\":\"https:\/\/isakaman.com\/?s={search_term_string}\"},\"query-input\":\"required name=search_term_string\"}],\"inLanguage\":\"de\"}]}<\/script>\n<!-- \/ Yoast SEO plugin. -->","yoast_head_json":{"title":"Gastrischer Bypass | Op. Dr. \u0130sa Kaman","robots":{"index":"index","follow":"follow","max-snippet":"max-snippet:-1","max-image-preview":"max-image-preview:large","max-video-preview":"max-video-preview:-1"},"canonical":"https:\/\/isakaman.com\/de\/gastrischer-bypass\/","og_locale":"de_DE","og_type":"article","og_title":"Gastrischer Bypass | Op. Dr. \u0130sa Kaman","og_description":"[vc_row row_content_width=&#8220;grid&#8220; css=&#8220;.vc_custom_1528269335985{padding-top: 160px !important;}&#8220;][vc_column width=&#8220;1\/2&#8243;][vc_single_image image=&#8220;5208&#8243; img_size=&#8220;full&#8220;][\/vc_column][vc_column width=&#8220;1\/2&#8243;][\/vc_column][\/vc_row][vc_row][vc_column][\/vc_column][\/vc_row][vc_row disable_element=&#8220;yes&#8220; row_content_width=&#8220;grid&#8220; css=&#8220;.vc_custom_1547045552788{padding-top: 87px !important;padding-bottom: 78px !important;}&#8220; simple_background_color=&#8220;#fafafa&#8220;][vc_column width=&#8220;1\/2&#8243; offset=&#8220;vc_col-lg-offset-0 vc_col-lg-3 vc_col-md-offset-0 vc_col-md-6 vc_col-sm-offset-0&#8243;][vc_column_text] New York [\/vc_column_text][vc_column_text]198 West 21th Street, Suite 721 New York NY 10010 Email: mail@example.com Phone: +88 (0) [&hellip;]","og_url":"https:\/\/isakaman.com\/de\/gastrischer-bypass\/","og_site_name":"Op. Dr. \u0130sa Kaman","article_modified_time":"2019-05-30T13:30:34+00:00","twitter_card":"summary_large_image","twitter_misc":{"Gesch\u00e4tzte Lesezeit":"3\u00a0Minuten"},"schema":{"@context":"https:\/\/schema.org","@graph":[{"@type":"WebPage","@id":"https:\/\/isakaman.com\/de\/gastrischer-bypass\/","url":"https:\/\/isakaman.com\/de\/gastrischer-bypass\/","name":"Gastrischer Bypass | Op. Dr. \u0130sa Kaman","isPartOf":{"@id":"https:\/\/isakaman.com\/#website"},"datePublished":"2019-01-09T12:36:09+00:00","dateModified":"2019-05-30T13:30:34+00:00","breadcrumb":{"@id":"https:\/\/isakaman.com\/de\/gastrischer-bypass\/#breadcrumb"},"inLanguage":"de","potentialAction":[{"@type":"ReadAction","target":["https:\/\/isakaman.com\/de\/gastrischer-bypass\/"]}]},{"@type":"BreadcrumbList","@id":"https:\/\/isakaman.com\/de\/gastrischer-bypass\/#breadcrumb","itemListElement":[{"@type":"ListItem","position":1,"name":"Ana sayfa","item":"https:\/\/isakaman.com\/de\/"},{"@type":"ListItem","position":2,"name":"Gastrischer Bypass"}]},{"@type":"WebSite","@id":"https:\/\/isakaman.com\/#website","url":"https:\/\/isakaman.com\/","name":"Op. Dr. \u0130sa Kaman","description":"T\u00fcp Mide Ameliyat\u0131 | Mide K\u00fc\u00e7\u00fcltme | T\u00fcp Mide | Mide Balonu | Mide Bypass | \u0130leal \u0130nterpozisyon | Tip2 Ameliyat","potentialAction":[{"@type":"SearchAction","target":{"@type":"EntryPoint","urlTemplate":"https:\/\/isakaman.com\/?s={search_term_string}"},"query-input":"required name=search_term_string"}],"inLanguage":"de"}]}},"_links":{"self":[{"href":"https:\/\/isakaman.com\/de\/wp-json\/wp\/v2\/pages\/5765"}],"collection":[{"href":"https:\/\/isakaman.com\/de\/wp-json\/wp\/v2\/pages"}],"about":[{"href":"https:\/\/isakaman.com\/de\/wp-json\/wp\/v2\/types\/page"}],"author":[{"embeddable":true,"href":"https:\/\/isakaman.com\/de\/wp-json\/wp\/v2\/users\/1"}],"replies":[{"embeddable":true,"href":"https:\/\/isakaman.com\/de\/wp-json\/wp\/v2\/comments?post=5765"}],"version-history":[{"count":0,"href":"https:\/\/isakaman.com\/de\/wp-json\/wp\/v2\/pages\/5765\/revisions"}],"wp:attachment":[{"href":"https:\/\/isakaman.com\/de\/wp-json\/wp\/v2\/media?parent=5765"}],"curies":[{"name":"wp","href":"https:\/\/api.w.org\/{rel}","templated":true}]}}