{"id":5768,"date":"2019-01-09T15:37:50","date_gmt":"2019-01-09T12:37:50","guid":{"rendered":"https:\/\/isakaman.com\/ileal-interpozisyon\/"},"modified":"2019-05-30T16:35:50","modified_gmt":"2019-05-30T13:35:50","slug":"ileal-interpozisyon","status":"publish","type":"page","link":"https:\/\/isakaman.com\/de\/ileal-interpozisyon\/","title":{"rendered":"Ileale Interposition"},"content":{"rendered":"<p>[vc_row row_content_width=&#8220;grid&#8220; css=&#8220;.vc_custom_1528269335985{padding-top: 160px !important;}&#8220;][vc_column]<div class=\"mkdf-elements-holder   mkdf-two-columns  mkdf-responsive-mode-768 \" ><div class=\"mkdf-eh-item    \"  data-item-class=\"mkdf-eh-custom-4223\" data-1367-1600=\"0 0 0 123px\" data-1025-1366=\"0 0 0 27px\" data-769-1024=\"0 0 0 0\" data-681-768=\"0 0 0 0\" data-680=\"0 0 0 0\">\n\t<div class=\"mkdf-eh-item-inner\">\n\t\t<div class=\"mkdf-eh-item-content mkdf-eh-custom-4223\" style=\"padding: 0 0 0 123px\">\n\t\t\t<div class=\"mkdf-single-image-holder   \">\n    <div class=\"mkdf-si-inner\" >\n                                    <img width=\"188\" height=\"300\" src=\"https:\/\/isakaman.com\/wp-content\/uploads\/2019\/01\/hormo2-188x300.png\" class=\"attachment-medium size-medium\" alt=\"\" loading=\"lazy\" srcset=\"https:\/\/isakaman.com\/wp-content\/uploads\/2019\/01\/hormo2-188x300.png 188w, https:\/\/isakaman.com\/wp-content\/uploads\/2019\/01\/hormo2-768x1223.png 768w, https:\/\/isakaman.com\/wp-content\/uploads\/2019\/01\/hormo2-643x1024.png 643w\" sizes=\"(max-width: 188px) 100vw, 188px\" \/>                        <\/div>\n<\/div>\t\t<\/div>\n\t<\/div>\n<\/div><div class=\"mkdf-eh-item    \"  data-item-class=\"mkdf-eh-custom-5305\" data-1367-1600=\"0 140px 29px 10px\" data-1025-1366=\"0 28px 30px 14px\" data-769-1024=\"0px 0px 0 40px\" data-681-768=\"63px 88px 0 0\" data-680=\"71px 0px 0 0px\">\n\t<div class=\"mkdf-eh-item-inner\">\n\t\t<div class=\"mkdf-eh-item-content mkdf-eh-custom-5305\" style=\"padding: 0 140px 29px 10px\">\n\t\t\t[vc_column_text]<\/p>\n<h4>Ileale Interposition<\/h4>\n<p>[\/vc_column_text][vc_empty_space height=&#8220;10px&#8220;][vc_column_text]<\/p>\n<p align=\"justify\">Unter dem Begriff Ileale Interposition versteht man zusammenfassend den Platzwechsel vom letzten Teil mit dem ersten Teil des D\u00fcnndarms. Diese Operation funktioniert dadurch, da\u00df die zum Insulinresistanz f\u00fchrenden Hormone au\u00dfer Gefecht gesetzt werden und die Hormonwerte, welche die Sensitivit\u00e4t auf Insulin vermehren, erh\u00f6ht werden. Ileale Interposition ist ein chirurgisches Behandlungsverfahren, das seit dem Beginn zur Behandlung von Typ-2-Diabetes entwickelt worden ist. Das metabolische Syndrom umfasst mit dem Typ-2-Diabetes auch den Bluthochdruck, die Erh\u00f6hung des Cholesterins und der Triglizeride sowie das \u00dcbergewicht.<\/p>\n<p>[\/vc_column_text][vc_empty_space]\t\t<\/div>\n\t<\/div>\n<\/div><\/div>[\/vc_column][\/vc_row][vc_row row_content_width=&#8220;grid&#8220; css=&#8220;.vc_custom_1528269366919{padding-top: 122px !important;padding-bottom: 160px !important;}&#8220;][vc_column]<div class=\"mkdf-elements-holder   mkdf-two-columns  mkdf-responsive-mode-768 \" ><div class=\"mkdf-eh-item    \"  data-item-class=\"mkdf-eh-custom-7830\" data-1367-1600=\"0 47px 30px 91px\" data-1025-1366=\"0 0px 34px 28px\" data-769-1024=\"0px 40px 0 0px\" data-681-768=\"0 72px 73px 0px\" data-680=\"0px 0px 75px 0px\">\n\t<div class=\"mkdf-eh-item-inner\">\n\t\t<div class=\"mkdf-eh-item-content mkdf-eh-custom-7830\" style=\"padding: 0 47px 30px 91px\">\n\t\t\t[vc_empty_space height=&#8220;10px&#8220;][vc_column_text]<\/p>\n<p align=\"justify\">Der Ausgangspunkt der Ilealen Interposition ist nicht eine Adipositas-Operation. Das ist eine Operation, die f\u00fcr alle gesundheitliche Probleme im Umfang des metabolischen Syndroms, insbesondere zur Behandlung von Typ-2-Diabetes entwickelt worden ist. Also ist die Adipositas nicht eines der Kriterien der Ilealen Interposition. Jedoch darf Ileale Interposition nicht mit der chirurgischen Verfahren wie Mini Gastric Bypass (gastrischer Bypass der Einzelanastomose), Roux-Y Gastric Bypass (Magenbypass), BPD (Biliopankreatische Divertion) \u00b1 DS (Duodenal Switch), DJB (Duodeno-jejunaler Bypass) verwechselt werden, die bei der Behandlung der Adipositas und der morbiden Adipositas Anwendung finden, und zur schweren Absorptionsst\u00f6rung f\u00fchren.<\/p>\n<p>[\/vc_column_text][vc_empty_space]\t\t<\/div>\n\t<\/div>\n<\/div><div class=\"mkdf-eh-item    \"  data-item-class=\"mkdf-eh-custom-1335\" data-1367-1600=\"0px 0 0 115px\" data-1025-1366=\"0px 0 0 115px\" data-769-1024=\"0 0 0 0\" data-681-768=\"0 0 0 0\" data-680=\"0 0 0 0\">\n\t<div class=\"mkdf-eh-item-inner\">\n\t\t<div class=\"mkdf-eh-item-content mkdf-eh-custom-1335\" style=\"padding: 0px 0 0 115px\">\n\t\t\t<div class=\"mkdf-single-image-holder   \">\n    <div class=\"mkdf-si-inner\" >\n                                    <img width=\"1400\" height=\"933\" src=\"https:\/\/isakaman.com\/wp-content\/uploads\/2019\/01\/shutterstock_543917185-e1563475721331.jpg\" class=\"attachment-full size-full\" alt=\"\" loading=\"lazy\" \/>                        <\/div>\n<\/div>\t\t<\/div>\n\t<\/div>\n<\/div><\/div><div class=\"mkdf-elements-holder   mkdf-two-columns  mkdf-responsive-mode-768 \" ><div class=\"mkdf-eh-item    \"  data-item-class=\"mkdf-eh-custom-5277\" data-1367-1600=\"0 0 0 123px\" data-1025-1366=\"0 0 0 27px\" data-769-1024=\"0 0 0 0\" data-681-768=\"0 0 0 0\" data-680=\"0 0 0 0\">\n\t<div class=\"mkdf-eh-item-inner\">\n\t\t<div class=\"mkdf-eh-item-content mkdf-eh-custom-5277\" style=\"padding: 0 0 0 123px\">\n\t\t\t<div class=\"mkdf-single-image-holder   \">\n    <div class=\"mkdf-si-inner\" >\n                                    <img width=\"1400\" height=\"940\" src=\"https:\/\/isakaman.com\/wp-content\/uploads\/2019\/01\/shutterstock_323905706-e1563475667204.jpg\" class=\"attachment-full size-full\" alt=\"\" loading=\"lazy\" \/>                        <\/div>\n<\/div>\t\t<\/div>\n\t<\/div>\n<\/div><div class=\"mkdf-eh-item    \"  data-item-class=\"mkdf-eh-custom-3543\" data-1367-1600=\"0 140px 29px 10px\" data-1025-1366=\"0 28px 30px 14px\" data-769-1024=\"0px 0px 0 40px\" data-681-768=\"63px 88px 0 0\" data-680=\"71px 0px 0 0px\">\n\t<div class=\"mkdf-eh-item-inner\">\n\t\t<div class=\"mkdf-eh-item-content mkdf-eh-custom-3543\" style=\"padding: 0 140px 29px 10px\">\n\t\t\t[vc_empty_space height=&#8220;10px&#8220;][vc_column_text]<\/p>\n<p align=\"justify\">Diese Operationen verhindern die Bef\u00f6rderung der Nahrung durch den sehr langen D\u00fcnndarm. Nach dieser Operationen werden die Fett- und Kohlenhydratabsorption bei der Patienten erheblich begrentzt. Diese Wirkungen erm\u00f6glichen einen starken Gewichtsverlust und die Patienten k\u00f6nnen diese Gewichtsverluste langzeitig bewahren. Jedoch werden nach dieser Operationen mit dem Fett, dessen Absorption erheblich begrentzt wird, auch die lebenswichtige Vitamine und Mineralstoffe, die im Fett verschmelzen und im Darm absorbiert werden, nicht mehr absorbiert. Bei dieser Patienten beginnen in kurzer Zeit nach der Operation die Vitamine- und Mineralstoffm\u00e4ngel schnell aufzutreten.<\/p>\n<p>[\/vc_column_text][vc_empty_space]\t\t<\/div>\n\t<\/div>\n<\/div><\/div><div class=\"mkdf-elements-holder   mkdf-two-columns  mkdf-responsive-mode-768 \" ><div class=\"mkdf-eh-item    \"  data-item-class=\"mkdf-eh-custom-1895\" data-1367-1600=\"0 47px 30px 91px\" data-1025-1366=\"0 0px 34px 28px\" data-769-1024=\"0px 40px 0 0px\" data-681-768=\"0 72px 73px 0px\" data-680=\"0px 0px 75px 0px\">\n\t<div class=\"mkdf-eh-item-inner\">\n\t\t<div class=\"mkdf-eh-item-content mkdf-eh-custom-1895\" style=\"padding: 0 47px 30px 91px\">\n\t\t\t[vc_empty_space height=&#8220;10px&#8220;][vc_column_text]<\/p>\n<p align=\"justify\">Ileale Interposition f\u00fchrt nicht zur Absorptionsbegrenzung oder zur Absorptionsst\u00f6rung. Die Patienten beginnen ab dem 3. Tag nach der Ilealen Interposition mit der fl\u00fcssigen Ern\u00e4hrung. In sechs Monaten bis 1 Jahr k\u00f6nnen Sie ohne Vitamine- oder Mineralstofferg\u00e4nzung mit einer vollst\u00e4ndig freier Di\u00e4t Ihr Leben fortf\u00fchren.<\/p>\n<p align=\"justify\">Die Patienten, f\u00fcr die die Operation angemessen ist, brauchen nach der Ilealen Interposition meistens die Diabetes-, Blutdruck- und Cholesterinmedikamente nicht mehr zu benutzen. W\u00e4hrend ihres Aufenthalts im Krankenhaus nach der Operation werden sie hinsichtlich des Verlaufs dieser Krankheiten beobachtet. Der gr\u00f6\u00dfte Teil der Patienten werden entlassen, ohne da\u00df sie diese Medikamente einnehmen. Und einem Teil der Patienten werden die Medikamente in unterschiedlichen Zeitr\u00e4umen von einiger Wochen bis einigen Monaten mit einer immer zu vermindernden Dosierung und kontrolliert weiter verabreicht, bis die metabolische Einwirkung gut platziert wird. Mit der Verminderung auf die normnale Messwerte wird die Einnahme dieser Medikamente v\u00f6llig eingestellt.<\/p>\n<p>[\/vc_column_text][vc_empty_space]\t\t<\/div>\n\t<\/div>\n<\/div><div class=\"mkdf-eh-item    \"  data-item-class=\"mkdf-eh-custom-2415\" data-1367-1600=\"0px 0 0 115px\" data-1025-1366=\"0px 0 0 115px\" data-769-1024=\"0 0 0 0\" data-681-768=\"0 0 0 0\" data-680=\"0 0 0 0\">\n\t<div class=\"mkdf-eh-item-inner\">\n\t\t<div class=\"mkdf-eh-item-content mkdf-eh-custom-2415\" style=\"padding: 0px 0 0 115px\">\n\t\t\t<div class=\"mkdf-single-image-holder   \">\n    <div class=\"mkdf-si-inner\" >\n                                    <img width=\"1400\" height=\"933\" src=\"https:\/\/isakaman.com\/wp-content\/uploads\/2019\/01\/shutterstock_187742627-e1563475710756.jpg\" class=\"attachment-full size-full\" alt=\"\" loading=\"lazy\" \/>                        <\/div>\n<\/div>\t\t<\/div>\n\t<\/div>\n<\/div><\/div>[vc_row_inner][vc_column_inner][\/vc_column_inner][\/vc_row_inner][vc_row_inner][vc_column_inner][\/vc_column_inner][\/vc_row_inner][\/vc_column][\/vc_row][vc_row][vc_column]<div class=\"mkdf-image-gallery  mkdf-ig-carousel-type mkdf-three-columns mkdf-no-space  mkdf-image-behavior-lightbox\">\n\t<div class=\"mkdf-ig-slider mkdf-owl-slider\" data-number-of-items=\"4\" data-enable-loop=\"yes\" data-enable-autoplay=\"yes\" data-slider-speed=\"4000\" data-slider-speed-animation=\"600\" data-slider-padding=\"no\" data-enable-navigation=\"no\" data-enable-pagination=\"no\">\n\t\t\t\t\t<div class=\"mkdf-ig-image\">\n\t\t\t\t\t\t\t\t\t<a itemprop=\"image\" class=\"mkdf-ig-lightbox mkdf-block-drag-link\" href=\"\" data-rel=\"prettyPhoto[image_gallery_pretty_photo-393]\" title=\"\">\n\t\t\t\t\t\t\t\t\t\t\t\t\t\t\t\t\t\t<\/a>\n\t\t\t\t\t\t\t<\/div>\n\t\t\t\t\t<div class=\"mkdf-ig-image\">\n\t\t\t\t\t\t\t\t\t<a itemprop=\"image\" class=\"mkdf-ig-lightbox mkdf-block-drag-link\" href=\"\" data-rel=\"prettyPhoto[image_gallery_pretty_photo-393]\" title=\"\">\n\t\t\t\t\t\t\t\t\t\t\t\t\t\t\t\t\t\t<\/a>\n\t\t\t\t\t\t\t<\/div>\n\t\t\t\t\t<div class=\"mkdf-ig-image\">\n\t\t\t\t\t\t\t\t\t<a itemprop=\"image\" class=\"mkdf-ig-lightbox mkdf-block-drag-link\" href=\"\" data-rel=\"prettyPhoto[image_gallery_pretty_photo-393]\" title=\"\">\n\t\t\t\t\t\t\t\t\t\t\t\t\t\t\t\t\t\t<\/a>\n\t\t\t\t\t\t\t<\/div>\n\t\t\t\t\t<div class=\"mkdf-ig-image\">\n\t\t\t\t\t\t\t\t\t<a itemprop=\"image\" class=\"mkdf-ig-lightbox mkdf-block-drag-link\" href=\"\" data-rel=\"prettyPhoto[image_gallery_pretty_photo-393]\" title=\"\">\n\t\t\t\t\t\t\t\t\t\t\t\t\t\t\t\t\t\t<\/a>\n\t\t\t\t\t\t\t<\/div>\n\t\t\t<\/div>\n<\/div>[\/vc_column][\/vc_row][vc_row disable_element=&#8220;yes&#8220; row_content_width=&#8220;grid&#8220; css=&#8220;.vc_custom_1547045787775{padding-top: 87px !important;padding-bottom: 78px !important;}&#8220; simple_background_color=&#8220;#fafafa&#8220;][vc_column width=&#8220;1\/2&#8243; offset=&#8220;vc_col-lg-offset-0 vc_col-lg-3 vc_col-md-offset-0 vc_col-md-6 vc_col-sm-offset-0&#8243;][vc_column_text]<\/p>\n<h5>New York<\/h5>\n<p>[\/vc_column_text][vc_column_text]<a href=\"https:\/\/www.google.rs\/maps\/place\/The+Dutch\/@40.7245145,-74.0053463,14.25z\/data=!4m8!1m2!2m1!1s198+West+21th+Street,+Suite+721+New+York+NY+10010!3m4!1s0x89c2598db87d10dd:0x9261e9e15b5722c4!8m2!3d40.7265433!4d-74.0020877\" target=\"_blank\" rel=\"noopener\">198 West 21th Street, Suite 721<\/a><br \/>\nNew York NY 10010<br \/>\nEmail: <a href=\"mail@example.com\">mail@example.com<\/a><br \/>\nPhone: <a href=\"tel:+88 (0) 101 0000 000\">+88 (0) 101 0000 000<\/a>[\/vc_column_text][vc_empty_space height=&#8220;33px&#8220;][\/vc_column][vc_column width=&#8220;1\/2&#8243; offset=&#8220;vc_col-lg-offset-0 vc_col-lg-3 vc_col-md-offset-0 vc_col-md-6 vc_col-sm-offset-0&#8243;][vc_column_text]<\/p>\n<h5>Amsterdam<\/h5>\n<p>[\/vc_column_text][vc_column_text]<a href=\"https:\/\/www.google.rs\/maps\/place\/The+Dutch\/@40.7245145,-74.0053463,14.25z\/data=!4m8!1m2!2m1!1s198+West+21th+Street,+Suite+721+New+York+NY+10010!3m4!1s0x89c2598db87d10dd:0x9261e9e15b5722c4!8m2!3d40.7265433!4d-74.0020877\" target=\"_blank\" rel=\"noopener\">198 West 21th Street, Suite 721<\/a><br \/>\nNew York NY 10010<br \/>\nEmail: <a href=\"mail@example.com\">mail@example.com<\/a><br \/>\nPhone: <a href=\"tel:+88 (0) 101 0000 000\">+88 (0) 101 0000 000<\/a>[\/vc_column_text][vc_empty_space height=&#8220;33px&#8220;][\/vc_column][vc_column width=&#8220;1\/2&#8243; offset=&#8220;vc_col-lg-offset-0 vc_col-lg-3 vc_col-md-offset-0 vc_col-md-6 vc_col-sm-offset-0&#8243;][vc_column_text]<\/p>\n<h5>London<\/h5>\n<p>[\/vc_column_text][vc_column_text]<a href=\"https:\/\/www.google.rs\/maps\/place\/The+Dutch\/@40.7245145,-74.0053463,14.25z\/data=!4m8!1m2!2m1!1s198+West+21th+Street,+Suite+721+New+York+NY+10010!3m4!1s0x89c2598db87d10dd:0x9261e9e15b5722c4!8m2!3d40.7265433!4d-74.0020877\" target=\"_blank\" rel=\"noopener\">198 West 21th Street, Suite 721<\/a><br \/>\nNew York NY 10010<br \/>\nEmail: <a href=\"mail@example.com\">mail@example.com<\/a><br \/>\nPhone: <a href=\"tel:+88 (0) 101 0000 000\">+88 (0) 101 0000 000<\/a>[\/vc_column_text][vc_empty_space height=&#8220;33px&#8220;][\/vc_column][vc_column width=&#8220;1\/2&#8243; offset=&#8220;vc_col-lg-offset-0 vc_col-lg-3 vc_col-md-offset-0 vc_col-md-6 vc_col-sm-offset-0&#8243;][vc_column_text]<\/p>\n<h5>San Francisco<\/h5>\n<p>[\/vc_column_text][vc_column_text]<a href=\"https:\/\/www.google.rs\/maps\/place\/The+Dutch\/@40.7245145,-74.0053463,14.25z\/data=!4m8!1m2!2m1!1s198+West+21th+Street,+Suite+721+New+York+NY+10010!3m4!1s0x89c2598db87d10dd:0x9261e9e15b5722c4!8m2!3d40.7265433!4d-74.0020877\" target=\"_blank\" rel=\"noopener\">198 West 21th Street, Suite 721<\/a><br \/>\nNew York NY 10010<br \/>\nEmail: <a href=\"mail@example.com\">mail@example.com<\/a><br \/>\nPhone: <a href=\"tel:+88 (0) 101 0000 000\">+88 (0) 101 0000 000<\/a>[\/vc_column_text][vc_empty_space height=&#8220;33px&#8220;][\/vc_column][\/vc_row]<\/p>\n","protected":false},"excerpt":{"rendered":"<p>[vc_row row_content_width=&#8220;grid&#8220; css=&#8220;.vc_custom_1528269335985{padding-top: 160px !important;}&#8220;][vc_column][\/vc_column][\/vc_row][vc_row row_content_width=&#8220;grid&#8220; css=&#8220;.vc_custom_1528269366919{padding-top: 122px !important;padding-bottom: 160px !important;}&#8220;][vc_column][vc_row_inner][vc_column_inner][\/vc_column_inner][\/vc_row_inner][vc_row_inner][vc_column_inner][\/vc_column_inner][\/vc_row_inner][\/vc_column][\/vc_row][vc_row][vc_column][\/vc_column][\/vc_row][vc_row disable_element=&#8220;yes&#8220; row_content_width=&#8220;grid&#8220; css=&#8220;.vc_custom_1547045787775{padding-top: 87px !important;padding-bottom: 78px !important;}&#8220; simple_background_color=&#8220;#fafafa&#8220;][vc_column width=&#8220;1\/2&#8243; offset=&#8220;vc_col-lg-offset-0 vc_col-lg-3 vc_col-md-offset-0 vc_col-md-6 vc_col-sm-offset-0&#8243;][vc_column_text] New York [\/vc_column_text][vc_column_text]198 West 21th Street, Suite 721 New York NY 10010 Email: mail@example.com Phone: [&hellip;]<\/p>\n","protected":false},"author":1,"featured_media":0,"parent":0,"menu_order":0,"comment_status":"closed","ping_status":"closed","template":"","meta":[],"yoast_head":"<!-- This site is optimized with the Yoast SEO plugin v19.8 - https:\/\/yoast.com\/wordpress\/plugins\/seo\/ -->\n<title>Ileale Interposition | Op. Dr. \u0130sa Kaman<\/title>\n<meta name=\"robots\" content=\"index, follow, max-snippet:-1, max-image-preview:large, max-video-preview:-1\" \/>\n<link rel=\"canonical\" href=\"https:\/\/isakaman.com\/de\/ileal-interpozisyon\/\" \/>\n<meta property=\"og:locale\" content=\"de_DE\" \/>\n<meta property=\"og:type\" content=\"article\" \/>\n<meta property=\"og:title\" content=\"Ileale Interposition | Op. Dr. \u0130sa Kaman\" \/>\n<meta property=\"og:description\" content=\"[vc_row row_content_width=&#8220;grid&#8220; css=&#8220;.vc_custom_1528269335985{padding-top: 160px !important;}&#8220;][vc_column][\/vc_column][\/vc_row][vc_row row_content_width=&#8220;grid&#8220; css=&#8220;.vc_custom_1528269366919{padding-top: 122px !important;padding-bottom: 160px !important;}&#8220;][vc_column][vc_row_inner][vc_column_inner][\/vc_column_inner][\/vc_row_inner][vc_row_inner][vc_column_inner][\/vc_column_inner][\/vc_row_inner][\/vc_column][\/vc_row][vc_row][vc_column][\/vc_column][\/vc_row][vc_row disable_element=&#8220;yes&#8220; row_content_width=&#8220;grid&#8220; css=&#8220;.vc_custom_1547045787775{padding-top: 87px !important;padding-bottom: 78px !important;}&#8220; simple_background_color=&#8220;#fafafa&#8220;][vc_column width=&#8220;1\/2&#8243; offset=&#8220;vc_col-lg-offset-0 vc_col-lg-3 vc_col-md-offset-0 vc_col-md-6 vc_col-sm-offset-0&#8243;][vc_column_text] New York [\/vc_column_text][vc_column_text]198 West 21th Street, Suite 721 New York NY 10010 Email: mail@example.com Phone: [&hellip;]\" \/>\n<meta property=\"og:url\" content=\"https:\/\/isakaman.com\/de\/ileal-interpozisyon\/\" \/>\n<meta property=\"og:site_name\" content=\"Op. Dr. \u0130sa Kaman\" \/>\n<meta property=\"article:modified_time\" content=\"2019-05-30T13:35:50+00:00\" \/>\n<meta name=\"twitter:card\" content=\"summary_large_image\" \/>\n<meta name=\"twitter:label1\" content=\"Gesch\u00e4tzte Lesezeit\" \/>\n\t<meta name=\"twitter:data1\" content=\"6\u00a0Minuten\" \/>\n<script type=\"application\/ld+json\" class=\"yoast-schema-graph\">{\"@context\":\"https:\/\/schema.org\",\"@graph\":[{\"@type\":\"WebPage\",\"@id\":\"https:\/\/isakaman.com\/de\/ileal-interpozisyon\/\",\"url\":\"https:\/\/isakaman.com\/de\/ileal-interpozisyon\/\",\"name\":\"Ileale Interposition | Op. Dr. \u0130sa Kaman\",\"isPartOf\":{\"@id\":\"https:\/\/isakaman.com\/#website\"},\"datePublished\":\"2019-01-09T12:37:50+00:00\",\"dateModified\":\"2019-05-30T13:35:50+00:00\",\"breadcrumb\":{\"@id\":\"https:\/\/isakaman.com\/de\/ileal-interpozisyon\/#breadcrumb\"},\"inLanguage\":\"de\",\"potentialAction\":[{\"@type\":\"ReadAction\",\"target\":[\"https:\/\/isakaman.com\/de\/ileal-interpozisyon\/\"]}]},{\"@type\":\"BreadcrumbList\",\"@id\":\"https:\/\/isakaman.com\/de\/ileal-interpozisyon\/#breadcrumb\",\"itemListElement\":[{\"@type\":\"ListItem\",\"position\":1,\"name\":\"Ana sayfa\",\"item\":\"https:\/\/isakaman.com\/de\/\"},{\"@type\":\"ListItem\",\"position\":2,\"name\":\"Ileale Interposition\"}]},{\"@type\":\"WebSite\",\"@id\":\"https:\/\/isakaman.com\/#website\",\"url\":\"https:\/\/isakaman.com\/\",\"name\":\"Op. Dr. \u0130sa Kaman\",\"description\":\"T\u00fcp Mide Ameliyat\u0131 | Mide K\u00fc\u00e7\u00fcltme | T\u00fcp Mide | Mide Balonu | Mide Bypass | \u0130leal \u0130nterpozisyon | Tip2 Ameliyat\",\"potentialAction\":[{\"@type\":\"SearchAction\",\"target\":{\"@type\":\"EntryPoint\",\"urlTemplate\":\"https:\/\/isakaman.com\/?s={search_term_string}\"},\"query-input\":\"required name=search_term_string\"}],\"inLanguage\":\"de\"}]}<\/script>\n<!-- \/ Yoast SEO plugin. -->","yoast_head_json":{"title":"Ileale Interposition | Op. Dr. \u0130sa Kaman","robots":{"index":"index","follow":"follow","max-snippet":"max-snippet:-1","max-image-preview":"max-image-preview:large","max-video-preview":"max-video-preview:-1"},"canonical":"https:\/\/isakaman.com\/de\/ileal-interpozisyon\/","og_locale":"de_DE","og_type":"article","og_title":"Ileale Interposition | Op. Dr. \u0130sa Kaman","og_description":"[vc_row row_content_width=&#8220;grid&#8220; css=&#8220;.vc_custom_1528269335985{padding-top: 160px !important;}&#8220;][vc_column][\/vc_column][\/vc_row][vc_row row_content_width=&#8220;grid&#8220; css=&#8220;.vc_custom_1528269366919{padding-top: 122px !important;padding-bottom: 160px !important;}&#8220;][vc_column][vc_row_inner][vc_column_inner][\/vc_column_inner][\/vc_row_inner][vc_row_inner][vc_column_inner][\/vc_column_inner][\/vc_row_inner][\/vc_column][\/vc_row][vc_row][vc_column][\/vc_column][\/vc_row][vc_row disable_element=&#8220;yes&#8220; row_content_width=&#8220;grid&#8220; css=&#8220;.vc_custom_1547045787775{padding-top: 87px !important;padding-bottom: 78px !important;}&#8220; simple_background_color=&#8220;#fafafa&#8220;][vc_column width=&#8220;1\/2&#8243; offset=&#8220;vc_col-lg-offset-0 vc_col-lg-3 vc_col-md-offset-0 vc_col-md-6 vc_col-sm-offset-0&#8243;][vc_column_text] New York [\/vc_column_text][vc_column_text]198 West 21th Street, Suite 721 New York NY 10010 Email: mail@example.com Phone: [&hellip;]","og_url":"https:\/\/isakaman.com\/de\/ileal-interpozisyon\/","og_site_name":"Op. Dr. \u0130sa Kaman","article_modified_time":"2019-05-30T13:35:50+00:00","twitter_card":"summary_large_image","twitter_misc":{"Gesch\u00e4tzte Lesezeit":"6\u00a0Minuten"},"schema":{"@context":"https:\/\/schema.org","@graph":[{"@type":"WebPage","@id":"https:\/\/isakaman.com\/de\/ileal-interpozisyon\/","url":"https:\/\/isakaman.com\/de\/ileal-interpozisyon\/","name":"Ileale Interposition | Op. Dr. \u0130sa Kaman","isPartOf":{"@id":"https:\/\/isakaman.com\/#website"},"datePublished":"2019-01-09T12:37:50+00:00","dateModified":"2019-05-30T13:35:50+00:00","breadcrumb":{"@id":"https:\/\/isakaman.com\/de\/ileal-interpozisyon\/#breadcrumb"},"inLanguage":"de","potentialAction":[{"@type":"ReadAction","target":["https:\/\/isakaman.com\/de\/ileal-interpozisyon\/"]}]},{"@type":"BreadcrumbList","@id":"https:\/\/isakaman.com\/de\/ileal-interpozisyon\/#breadcrumb","itemListElement":[{"@type":"ListItem","position":1,"name":"Ana sayfa","item":"https:\/\/isakaman.com\/de\/"},{"@type":"ListItem","position":2,"name":"Ileale Interposition"}]},{"@type":"WebSite","@id":"https:\/\/isakaman.com\/#website","url":"https:\/\/isakaman.com\/","name":"Op. Dr. \u0130sa Kaman","description":"T\u00fcp Mide Ameliyat\u0131 | Mide K\u00fc\u00e7\u00fcltme | T\u00fcp Mide | Mide Balonu | Mide Bypass | \u0130leal \u0130nterpozisyon | Tip2 Ameliyat","potentialAction":[{"@type":"SearchAction","target":{"@type":"EntryPoint","urlTemplate":"https:\/\/isakaman.com\/?s={search_term_string}"},"query-input":"required name=search_term_string"}],"inLanguage":"de"}]}},"_links":{"self":[{"href":"https:\/\/isakaman.com\/de\/wp-json\/wp\/v2\/pages\/5768"}],"collection":[{"href":"https:\/\/isakaman.com\/de\/wp-json\/wp\/v2\/pages"}],"about":[{"href":"https:\/\/isakaman.com\/de\/wp-json\/wp\/v2\/types\/page"}],"author":[{"embeddable":true,"href":"https:\/\/isakaman.com\/de\/wp-json\/wp\/v2\/users\/1"}],"replies":[{"embeddable":true,"href":"https:\/\/isakaman.com\/de\/wp-json\/wp\/v2\/comments?post=5768"}],"version-history":[{"count":0,"href":"https:\/\/isakaman.com\/de\/wp-json\/wp\/v2\/pages\/5768\/revisions"}],"wp:attachment":[{"href":"https:\/\/isakaman.com\/de\/wp-json\/wp\/v2\/media?parent=5768"}],"curies":[{"name":"wp","href":"https:\/\/api.w.org\/{rel}","templated":true}]}}