{"id":5772,"date":"2018-06-04T08:53:32","date_gmt":"2018-06-04T08:53:32","guid":{"rendered":"https:\/\/isakaman.com\/iletisim\/"},"modified":"2023-08-24T11:26:17","modified_gmt":"2023-08-24T08:26:17","slug":"kontakt","status":"publish","type":"page","link":"https:\/\/isakaman.com\/de\/kontakt\/","title":{"rendered":"Kontakt"},"content":{"rendered":"<p>[vc_row content_placement=&#8220;top&#8220; row_content_width=&#8220;grid&#8220; css=&#8220;.vc_custom_1529494500154{padding-top: 128px !important;padding-bottom: 106px !important;}&#8220;][vc_column width=&#8220;1\/2&#8243; offset=&#8220;vc_col-lg-offset-0 vc_col-lg-6 vc_col-md-offset-0 vc_col-md-6 vc_col-sm-offset-0&#8243; css=&#8220;.vc_custom_1546874672668{padding-right: 20px !important;}&#8220;][vc_column_text]<\/p>\n<h5>Op. Dr. \u0130sa Kaman<\/h5>\n<p>[\/vc_column_text][vc_column_text]<a href=\"https:\/\/goo.gl\/maps\/Gb6XRU3HkmYQRxNC9\" target=\"_blank\" rel=\"noopener\">Alipa\u015fa Mahallesi, S\u00fcl\u00fcn Caddesi, Ball\u0131o\u011flu \u0130\u015f Merkezi No:6\/1 \u0130\u00e7 Kap\u0131 No: 66 \u00c7orlu, Tekirda\u011f \/ Turkiye<\/a><\/p>\n<p>E-mail: <a href=\"mailto:info@isakaman.com\">info@isakaman.com<\/a><br \/>\nTel &amp; WhatsApp: <a href=\"tel:+905345189177\">+90 534 518 91 77<\/a>[\/vc_column_text][vc_empty_space height=&#8220;23px&#8220;][\/vc_column][vc_column width=&#8220;1\/2&#8243; offset=&#8220;vc_col-lg-offset-0 vc_col-lg-6 vc_col-md-offset-0 vc_col-md-12 vc_col-sm-offset-0&#8243; css=&#8220;.vc_custom_1528292143790{padding-top: 32px !important;}&#8220;]<div role=\"form\" class=\"wpcf7\" id=\"wpcf7-f5882-o1\" dir=\"ltr\">\n<div class=\"screen-reader-response\"><p role=\"status\" aria-live=\"polite\" aria-atomic=\"true\"><\/p> <ul><\/ul><\/div>\n<form action=\"\/de\/wp-json\/wp\/v2\/pages\/5772#wpcf7-f5882-o1\" method=\"post\" class=\"wpcf7-form init cf7_custom_style_1\" novalidate=\"novalidate\" data-status=\"init\">\n<div style=\"display: none;\">\n<input type=\"hidden\" name=\"_wpcf7\" value=\"5882\" \/>\n<input type=\"hidden\" name=\"_wpcf7_version\" value=\"5.6.4\" \/>\n<input type=\"hidden\" name=\"_wpcf7_locale\" value=\"\" \/>\n<input type=\"hidden\" name=\"_wpcf7_unit_tag\" value=\"wpcf7-f5882-o1\" \/>\n<input type=\"hidden\" name=\"_wpcf7_container_post\" value=\"0\" \/>\n<input type=\"hidden\" name=\"_wpcf7_posted_data_hash\" value=\"\" \/>\n<input type=\"hidden\" name=\"_wpcf7_recaptcha_response\" value=\"\" \/>\n<\/div>\n<p><label> Name (required)<br \/>\n    <span class=\"wpcf7-form-control-wrap\" data-name=\"your-name\"><input type=\"text\" name=\"your-name\" value=\"\" size=\"40\" class=\"wpcf7-form-control wpcf7-text wpcf7-validates-as-required\" aria-required=\"true\" aria-invalid=\"false\" \/><\/span> <\/label><\/p>\n<p><label> Email (required)<br \/>\n    <span class=\"wpcf7-form-control-wrap\" data-name=\"email\"><input type=\"email\" name=\"email\" value=\"\" size=\"40\" class=\"wpcf7-form-control wpcf7-text wpcf7-email wpcf7-validates-as-required wpcf7-validates-as-email\" aria-required=\"true\" aria-invalid=\"false\" \/><\/span> <\/label><\/p>\n<p><label> Gegenstand<br \/>\n    <span class=\"wpcf7-form-control-wrap\" data-name=\"konu\"><input type=\"text\" name=\"konu\" value=\"\" size=\"40\" class=\"wpcf7-form-control wpcf7-text wpcf7-validates-as-required\" aria-required=\"true\" aria-invalid=\"false\" \/><\/span> <\/label><\/p>\n<p><label> Botschaft<br \/>\n    <span class=\"wpcf7-form-control-wrap\" data-name=\"mesaj\"><textarea name=\"mesaj\" cols=\"40\" rows=\"10\" class=\"wpcf7-form-control wpcf7-textarea wpcf7-validates-as-required\" aria-required=\"true\" aria-invalid=\"false\"><\/textarea><\/span> <\/label><\/p>\n<p><input type=\"submit\" value=\"Senden\" class=\"wpcf7-form-control has-spinner wpcf7-submit\" \/><\/p>\n<div class=\"wpcf7-response-output\" aria-hidden=\"true\"><\/div><\/form><\/div>[vc_empty_space height=&#8220;23px&#8220;][\/vc_column][\/vc_row][vc_row][vc_column]<div class=\"mkdf-google-map-holder\">\n\t<div class=\"mkdf-google-map\" id=\"mkdf-map-1233070\" data-addresses='[\"Gazi Mustafa Kemalpa\u015fa Mahallesi, Atat\u00fcrk Cd. No:118 59500 \u00c7erkezk\u00f6y\/Tekirda\u011f\"]' data-custom-map-style=yes data-color-overlay=#c1c1c1 data-saturation=-100 data-lightness=-5 data-zoom=13 data-pin=https:\/\/isakaman.com\/wp-content\/themes\/housemed\/assets\/img\/pin.png data-unique-id=1233070 data-scroll-wheel=no data-height=350 ><\/div>\n\t\t\t\t<div class=\"mkdf-google-map-overlay\"><\/div>\n\t<\/div>\n[\/vc_column][\/vc_row]<\/p>\n","protected":false},"excerpt":{"rendered":"<p>[vc_row content_placement=&#8220;top&#8220; row_content_width=&#8220;grid&#8220; css=&#8220;.vc_custom_1529494500154{padding-top: 128px !important;padding-bottom: 106px !important;}&#8220;][vc_column width=&#8220;1\/2&#8243; offset=&#8220;vc_col-lg-offset-0 vc_col-lg-6 vc_col-md-offset-0 vc_col-md-6 vc_col-sm-offset-0&#8243; css=&#8220;.vc_custom_1546874672668{padding-right: 20px !important;}&#8220;][vc_column_text] Op. Dr. \u0130sa Kaman [\/vc_column_text][vc_column_text]Alipa\u015fa Mahallesi, S\u00fcl\u00fcn Caddesi, Ball\u0131o\u011flu \u0130\u015f Merkezi No:6\/1 \u0130\u00e7 Kap\u0131 No: 66 \u00c7orlu, Tekirda\u011f \/ Turkiye E-mail: info@isakaman.com Tel [&hellip;]<\/p>\n","protected":false},"author":1,"featured_media":0,"parent":0,"menu_order":0,"comment_status":"closed","ping_status":"closed","template":"full-width.php","meta":[],"yoast_head":"<!-- This site is optimized with the Yoast SEO plugin v19.8 - https:\/\/yoast.com\/wordpress\/plugins\/seo\/ -->\n<title>Kontakt | Op. Dr. \u0130sa Kaman<\/title>\n<meta name=\"robots\" content=\"index, follow, max-snippet:-1, max-image-preview:large, max-video-preview:-1\" \/>\n<link rel=\"canonical\" href=\"https:\/\/isakaman.com\/de\/kontakt\/\" \/>\n<meta property=\"og:locale\" content=\"de_DE\" \/>\n<meta property=\"og:type\" content=\"article\" \/>\n<meta property=\"og:title\" content=\"Kontakt | Op. Dr. \u0130sa Kaman\" \/>\n<meta property=\"og:description\" content=\"[vc_row content_placement=&#8220;top&#8220; row_content_width=&#8220;grid&#8220; css=&#8220;.vc_custom_1529494500154{padding-top: 128px !important;padding-bottom: 106px !important;}&#8220;][vc_column width=&#8220;1\/2&#8243; offset=&#8220;vc_col-lg-offset-0 vc_col-lg-6 vc_col-md-offset-0 vc_col-md-6 vc_col-sm-offset-0&#8243; css=&#8220;.vc_custom_1546874672668{padding-right: 20px !important;}&#8220;][vc_column_text] Op. Dr. \u0130sa Kaman [\/vc_column_text][vc_column_text]Alipa\u015fa Mahallesi, S\u00fcl\u00fcn Caddesi, Ball\u0131o\u011flu \u0130\u015f Merkezi No:6\/1 \u0130\u00e7 Kap\u0131 No: 66 \u00c7orlu, Tekirda\u011f \/ Turkiye E-mail: info@isakaman.com Tel [&hellip;]\" \/>\n<meta property=\"og:url\" content=\"https:\/\/isakaman.com\/de\/kontakt\/\" \/>\n<meta property=\"og:site_name\" content=\"Op. Dr. \u0130sa Kaman\" \/>\n<meta property=\"article:modified_time\" content=\"2023-08-24T08:26:17+00:00\" \/>\n<meta name=\"twitter:card\" content=\"summary_large_image\" \/>\n<meta name=\"twitter:label1\" content=\"Gesch\u00e4tzte Lesezeit\" \/>\n\t<meta name=\"twitter:data1\" content=\"1\u00a0Minute\" \/>\n<script type=\"application\/ld+json\" class=\"yoast-schema-graph\">{\"@context\":\"https:\/\/schema.org\",\"@graph\":[{\"@type\":\"WebPage\",\"@id\":\"https:\/\/isakaman.com\/de\/kontakt\/\",\"url\":\"https:\/\/isakaman.com\/de\/kontakt\/\",\"name\":\"Kontakt | Op. Dr. \u0130sa Kaman\",\"isPartOf\":{\"@id\":\"https:\/\/isakaman.com\/#website\"},\"datePublished\":\"2018-06-04T08:53:32+00:00\",\"dateModified\":\"2023-08-24T08:26:17+00:00\",\"breadcrumb\":{\"@id\":\"https:\/\/isakaman.com\/de\/kontakt\/#breadcrumb\"},\"inLanguage\":\"de\",\"potentialAction\":[{\"@type\":\"ReadAction\",\"target\":[\"https:\/\/isakaman.com\/de\/kontakt\/\"]}]},{\"@type\":\"BreadcrumbList\",\"@id\":\"https:\/\/isakaman.com\/de\/kontakt\/#breadcrumb\",\"itemListElement\":[{\"@type\":\"ListItem\",\"position\":1,\"name\":\"Ana sayfa\",\"item\":\"https:\/\/isakaman.com\/de\/\"},{\"@type\":\"ListItem\",\"position\":2,\"name\":\"Kontakt\"}]},{\"@type\":\"WebSite\",\"@id\":\"https:\/\/isakaman.com\/#website\",\"url\":\"https:\/\/isakaman.com\/\",\"name\":\"Op. Dr. \u0130sa Kaman\",\"description\":\"T\u00fcp Mide Ameliyat\u0131 | Mide K\u00fc\u00e7\u00fcltme | T\u00fcp Mide | Mide Balonu | Mide Bypass | \u0130leal \u0130nterpozisyon | Tip2 Ameliyat\",\"potentialAction\":[{\"@type\":\"SearchAction\",\"target\":{\"@type\":\"EntryPoint\",\"urlTemplate\":\"https:\/\/isakaman.com\/?s={search_term_string}\"},\"query-input\":\"required name=search_term_string\"}],\"inLanguage\":\"de\"}]}<\/script>\n<!-- \/ Yoast SEO plugin. -->","yoast_head_json":{"title":"Kontakt | Op. Dr. \u0130sa Kaman","robots":{"index":"index","follow":"follow","max-snippet":"max-snippet:-1","max-image-preview":"max-image-preview:large","max-video-preview":"max-video-preview:-1"},"canonical":"https:\/\/isakaman.com\/de\/kontakt\/","og_locale":"de_DE","og_type":"article","og_title":"Kontakt | Op. Dr. \u0130sa Kaman","og_description":"[vc_row content_placement=&#8220;top&#8220; row_content_width=&#8220;grid&#8220; css=&#8220;.vc_custom_1529494500154{padding-top: 128px !important;padding-bottom: 106px !important;}&#8220;][vc_column width=&#8220;1\/2&#8243; offset=&#8220;vc_col-lg-offset-0 vc_col-lg-6 vc_col-md-offset-0 vc_col-md-6 vc_col-sm-offset-0&#8243; css=&#8220;.vc_custom_1546874672668{padding-right: 20px !important;}&#8220;][vc_column_text] Op. Dr. \u0130sa Kaman [\/vc_column_text][vc_column_text]Alipa\u015fa Mahallesi, S\u00fcl\u00fcn Caddesi, Ball\u0131o\u011flu \u0130\u015f Merkezi No:6\/1 \u0130\u00e7 Kap\u0131 No: 66 \u00c7orlu, Tekirda\u011f \/ Turkiye E-mail: info@isakaman.com Tel [&hellip;]","og_url":"https:\/\/isakaman.com\/de\/kontakt\/","og_site_name":"Op. Dr. \u0130sa Kaman","article_modified_time":"2023-08-24T08:26:17+00:00","twitter_card":"summary_large_image","twitter_misc":{"Gesch\u00e4tzte Lesezeit":"1\u00a0Minute"},"schema":{"@context":"https:\/\/schema.org","@graph":[{"@type":"WebPage","@id":"https:\/\/isakaman.com\/de\/kontakt\/","url":"https:\/\/isakaman.com\/de\/kontakt\/","name":"Kontakt | Op. Dr. \u0130sa Kaman","isPartOf":{"@id":"https:\/\/isakaman.com\/#website"},"datePublished":"2018-06-04T08:53:32+00:00","dateModified":"2023-08-24T08:26:17+00:00","breadcrumb":{"@id":"https:\/\/isakaman.com\/de\/kontakt\/#breadcrumb"},"inLanguage":"de","potentialAction":[{"@type":"ReadAction","target":["https:\/\/isakaman.com\/de\/kontakt\/"]}]},{"@type":"BreadcrumbList","@id":"https:\/\/isakaman.com\/de\/kontakt\/#breadcrumb","itemListElement":[{"@type":"ListItem","position":1,"name":"Ana sayfa","item":"https:\/\/isakaman.com\/de\/"},{"@type":"ListItem","position":2,"name":"Kontakt"}]},{"@type":"WebSite","@id":"https:\/\/isakaman.com\/#website","url":"https:\/\/isakaman.com\/","name":"Op. Dr. \u0130sa Kaman","description":"T\u00fcp Mide Ameliyat\u0131 | Mide K\u00fc\u00e7\u00fcltme | T\u00fcp Mide | Mide Balonu | Mide Bypass | \u0130leal \u0130nterpozisyon | Tip2 Ameliyat","potentialAction":[{"@type":"SearchAction","target":{"@type":"EntryPoint","urlTemplate":"https:\/\/isakaman.com\/?s={search_term_string}"},"query-input":"required name=search_term_string"}],"inLanguage":"de"}]}},"_links":{"self":[{"href":"https:\/\/isakaman.com\/de\/wp-json\/wp\/v2\/pages\/5772"}],"collection":[{"href":"https:\/\/isakaman.com\/de\/wp-json\/wp\/v2\/pages"}],"about":[{"href":"https:\/\/isakaman.com\/de\/wp-json\/wp\/v2\/types\/page"}],"author":[{"embeddable":true,"href":"https:\/\/isakaman.com\/de\/wp-json\/wp\/v2\/users\/1"}],"replies":[{"embeddable":true,"href":"https:\/\/isakaman.com\/de\/wp-json\/wp\/v2\/comments?post=5772"}],"version-history":[{"count":7,"href":"https:\/\/isakaman.com\/de\/wp-json\/wp\/v2\/pages\/5772\/revisions"}],"predecessor-version":[{"id":6272,"href":"https:\/\/isakaman.com\/de\/wp-json\/wp\/v2\/pages\/5772\/revisions\/6272"}],"wp:attachment":[{"href":"https:\/\/isakaman.com\/de\/wp-json\/wp\/v2\/media?parent=5772"}],"curies":[{"name":"wp","href":"https:\/\/api.w.org\/{rel}","templated":true}]}}