{"id":6073,"date":"2018-06-08T14:19:58","date_gmt":"2018-06-08T14:19:58","guid":{"rendered":"https:\/\/isakaman.com\/hasta-gorusleri\/"},"modified":"2023-08-24T11:33:29","modified_gmt":"2023-08-24T08:33:29","slug":"patientenmeinungen","status":"publish","type":"page","link":"https:\/\/isakaman.com\/de\/patientenmeinungen\/","title":{"rendered":"Patientenmeinungen"},"content":{"rendered":"<p>[vc_row row_content_width=&#8220;grid&#8220; content_text_aligment=&#8220;center&#8220; css=&#8220;.vc_custom_1528468310018{padding-top: 0px !important;padding-bottom: 155px !important;}&#8220;][vc_column width=&#8220;1\/2&#8243; css=&#8220;.vc_custom_1526895165061{margin-right: 0px !important;padding-right: 0px !important;}&#8220;]<div class=\"mkdf-elements-holder   mkdf-one-column  mkdf-responsive-mode-768 \" ><div class=\"mkdf-eh-item    \"  data-item-class=\"mkdf-eh-custom-9061\" data-1025-1366=\"120px 20% 70px 20%\" data-769-1024=\"120px 6% 70px 6%\" data-681-768=\"120px 6% 70px 6%\" data-680=\"120px 6% 70px 6%\">\n\t<div class=\"mkdf-eh-item-inner\">\n\t\t<div class=\"mkdf-eh-item-content mkdf-eh-custom-9061\" style=\"padding: 143px 23% 70px 23%\">\n\t\t\t[vc_video link=&#8220;https:\/\/www.youtube.com\/watch?v=P9M8y0E7gfc&#8220;]<div class=\"mkdf-section-title-holder  mkdf-st-standard mkdf-st-title-left mkdf-st-normal-space \" style=\"text-align: center\">\n\t<div class=\"mkdf-st-inner\">\n\t\t\t\t\t<h6 class=\"mkdf-st-title\" style=\"color: #000000\">\n\t\t\t\tMiraj Jakaj\t\t\t<\/h6>\n\t\t                    <div class=\"mkdf-separator-holder clearfix  mkdf-separator-center \">\n\t<div class=\"mkdf-separator\" style=\"width: 40px;border-bottom-width: 5px;margin-top: 23px;margin-bottom: 12px\"><\/div>\n<\/div>\n        \t\t\t<\/div>\n<\/div>\t\t<\/div>\n\t<\/div>\n<\/div><\/div><div class=\"mkdf-elements-holder   mkdf-one-column  mkdf-responsive-mode-768 \" ><div class=\"mkdf-eh-item    \"  data-item-class=\"mkdf-eh-custom-6446\" data-1025-1366=\"120px 20% 70px 20%\" data-769-1024=\"120px 6% 70px 6%\" data-681-768=\"120px 6% 70px 6%\" data-680=\"120px 6% 70px 6%\">\n\t<div class=\"mkdf-eh-item-inner\">\n\t\t<div class=\"mkdf-eh-item-content mkdf-eh-custom-6446\" style=\"padding: 143px 23% 70px 23%\">\n\t\t\t[vc_video link=&#8220;https:\/\/www.youtube.com\/watch?v=5oLsWexaLQE&#8220;]<div class=\"mkdf-section-title-holder  mkdf-st-standard mkdf-st-title-left mkdf-st-normal-space \" style=\"text-align: center\">\n\t<div class=\"mkdf-st-inner\">\n\t\t\t\t\t<h6 class=\"mkdf-st-title\" style=\"color: #000000\">\n\t\t\t\txxxxx Han\u0131m\t\t\t<\/h6>\n\t\t                    <div class=\"mkdf-separator-holder clearfix  mkdf-separator-center \">\n\t<div class=\"mkdf-separator\" style=\"width: 40px;border-bottom-width: 5px;margin-top: 23px;margin-bottom: 12px\"><\/div>\n<\/div>\n        \t\t\t<\/div>\n<\/div>\t\t<\/div>\n\t<\/div>\n<\/div><\/div><div class=\"mkdf-elements-holder   mkdf-one-column  mkdf-responsive-mode-768 \" ><div class=\"mkdf-eh-item    \"  data-item-class=\"mkdf-eh-custom-2493\" data-1025-1366=\"120px 20% 70px 20%\" data-769-1024=\"120px 6% 70px 6%\" data-681-768=\"120px 6% 70px 6%\" data-680=\"120px 6% 70px 6%\">\n\t<div class=\"mkdf-eh-item-inner\">\n\t\t<div class=\"mkdf-eh-item-content mkdf-eh-custom-2493\" style=\"padding: 143px 23% 70px 23%\">\n\t\t\t[vc_video link=&#8220;https:\/\/www.youtube.com\/watch?v=zDvOLNQYufc&#8220;]<div class=\"mkdf-section-title-holder  mkdf-st-standard mkdf-st-title-left mkdf-st-normal-space \" style=\"text-align: center\">\n\t<div class=\"mkdf-st-inner\">\n\t\t\t\t\t<h6 class=\"mkdf-st-title\" style=\"color: #000000\">\n\t\t\t\txxxxx Han\u0131m\t\t\t<\/h6>\n\t\t                    <div class=\"mkdf-separator-holder clearfix  mkdf-separator-center \">\n\t<div class=\"mkdf-separator\" style=\"width: 40px;border-bottom-width: 5px;margin-top: 23px;margin-bottom: 12px\"><\/div>\n<\/div>\n        \t\t\t<\/div>\n<\/div>\t\t<\/div>\n\t<\/div>\n<\/div><\/div>[\/vc_column][vc_column width=&#8220;1\/2&#8243;]<div class=\"mkdf-elements-holder   mkdf-one-column  mkdf-responsive-mode-768 \" ><div class=\"mkdf-eh-item    \"  data-item-class=\"mkdf-eh-custom-6810\" data-1025-1366=\"120px 20% 70px 20%\" data-769-1024=\"120px 6% 70px 6%\" data-681-768=\"120px 6% 70px 6%\" data-680=\"120px 6% 70px 6%\">\n\t<div class=\"mkdf-eh-item-inner\">\n\t\t<div class=\"mkdf-eh-item-content mkdf-eh-custom-6810\" style=\"padding: 143px 23% 70px 23%\">\n\t\t\t[vc_video link=&#8220;https:\/\/www.youtube.com\/watch?v=JdXDe63jKRE&#8220;]<div class=\"mkdf-section-title-holder  mkdf-st-standard mkdf-st-title-left mkdf-st-normal-space \" style=\"text-align: center\">\n\t<div class=\"mkdf-st-inner\">\n\t\t\t\t\t<h6 class=\"mkdf-st-title\" style=\"color: #000000\">\n\t\t\t\tLorraine Sharpe\t\t\t<\/h6>\n\t\t                    <div class=\"mkdf-separator-holder clearfix  mkdf-separator-center \">\n\t<div class=\"mkdf-separator\" style=\"width: 40px;border-bottom-width: 5px;margin-top: 23px;margin-bottom: 12px\"><\/div>\n<\/div>\n        \t\t\t<\/div>\n<\/div>\t\t<\/div>\n\t<\/div>\n<\/div><\/div><div class=\"mkdf-elements-holder   mkdf-one-column  mkdf-responsive-mode-768 \" ><div class=\"mkdf-eh-item    \"  data-item-class=\"mkdf-eh-custom-3661\" data-1025-1366=\"120px 20% 70px 20%\" data-769-1024=\"120px 6% 70px 6%\" data-681-768=\"120px 6% 70px 6%\" data-680=\"120px 6% 70px 6%\">\n\t<div class=\"mkdf-eh-item-inner\">\n\t\t<div class=\"mkdf-eh-item-content mkdf-eh-custom-3661\" style=\"padding: 143px 23% 70px 23%\">\n\t\t\t[vc_video link=&#8220;https:\/\/www.youtube.com\/watch?v=wtAaZiIjzAg&#8220;]<div class=\"mkdf-section-title-holder  mkdf-st-standard mkdf-st-title-left mkdf-st-normal-space \" style=\"text-align: center\">\n\t<div class=\"mkdf-st-inner\">\n\t\t\t\t\t<h6 class=\"mkdf-st-title\" style=\"color: #000000\">\n\t\t\t\txxxxx Han\u0131m\t\t\t<\/h6>\n\t\t                    <div class=\"mkdf-separator-holder clearfix  mkdf-separator-center \">\n\t<div class=\"mkdf-separator\" style=\"width: 40px;border-bottom-width: 5px;margin-top: 23px;margin-bottom: 12px\"><\/div>\n<\/div>\n        \t\t\t<\/div>\n<\/div>\t\t<\/div>\n\t<\/div>\n<\/div><\/div><div class=\"mkdf-elements-holder   mkdf-one-column  mkdf-responsive-mode-768 \" ><div class=\"mkdf-eh-item    \"  data-item-class=\"mkdf-eh-custom-4777\" data-1025-1366=\"120px 20% 70px 20%\" data-769-1024=\"120px 6% 70px 6%\" data-681-768=\"120px 6% 70px 6%\" data-680=\"120px 6% 70px 6%\">\n\t<div class=\"mkdf-eh-item-inner\">\n\t\t<div class=\"mkdf-eh-item-content mkdf-eh-custom-4777\" style=\"padding: 143px 23% 70px 23%\">\n\t\t\t[vc_video link=&#8220;https:\/\/www.youtube.com\/watch?v=CuDJqUiW-O8&#8243;]<div class=\"mkdf-section-title-holder  mkdf-st-standard mkdf-st-title-left mkdf-st-normal-space \" style=\"text-align: center\">\n\t<div class=\"mkdf-st-inner\">\n\t\t\t\t\t<h6 class=\"mkdf-st-title\" style=\"color: #000000\">\n\t\t\t\txxxxx Bey\t\t\t<\/h6>\n\t\t                    <div class=\"mkdf-separator-holder clearfix  mkdf-separator-center \">\n\t<div class=\"mkdf-separator\" style=\"width: 40px;border-bottom-width: 5px;margin-top: 23px;margin-bottom: 12px\"><\/div>\n<\/div>\n        \t\t\t<\/div>\n<\/div>\t\t<\/div>\n\t<\/div>\n<\/div><\/div>[\/vc_column][\/vc_row][vc_row row_content_width=&#8220;grid&#8220; css=&#8220;.vc_custom_1565343736805{border-top-width: 42px !important;padding-bottom: 42px !important;}&#8220; simple_background_color=&#8220;#5663c1&#8243;][vc_column]<div class=\"mkdf-call-to-action-holder  mkdf-normal-layout  mkdf-three-quarters-columns\">\n\t<div class=\"mkdf-cta-inner \">\n\t\t<div class=\"mkdf-cta-text-holder\">\n\t\t\t<div class=\"mkdf-cta-text\">\n<h4 style=\"color: #fff;\">Randevu Talebi<\/h4>\n<\/div>\n\t\t<\/div>\n\t\t<div class=\"mkdf-cta-button-holder\" >\n\t\t\t<div class=\"mkdf-cta-button\"><a itemprop=\"url\" href=\"https:\/\/api.whatsapp.com\/send?phone=905345189177\" target=\"_blank\"  class=\"mkdf-btn mkdf-btn-medium mkdf-btn-solid mkdf-btn-custom-hover-bg mkdf-btn-custom-border-hover\" data-hover-bg-color=\"#f8464f\" data-hover-border-color=\"#f8464f\" >    <span class=\"mkdf-btn-text\">+90 534 518 91 77<\/span>    <\/a><\/div>\n\t\t<\/div>\n\t<\/div>\n<\/div>[\/vc_column][\/vc_row]<\/p>\n","protected":false},"excerpt":{"rendered":"<p>[vc_row row_content_width=&#8220;grid&#8220; content_text_aligment=&#8220;center&#8220; css=&#8220;.vc_custom_1528468310018{padding-top: 0px !important;padding-bottom: 155px !important;}&#8220;][vc_column width=&#8220;1\/2&#8243; css=&#8220;.vc_custom_1526895165061{margin-right: 0px !important;padding-right: 0px !important;}&#8220;][\/vc_column][vc_column width=&#8220;1\/2&#8243;][\/vc_column][\/vc_row][vc_row row_content_width=&#8220;grid&#8220; css=&#8220;.vc_custom_1565343736805{border-top-width: 42px !important;padding-bottom: 42px !important;}&#8220; simple_background_color=&#8220;#5663c1&#8243;][vc_column][\/vc_column][\/vc_row]<\/p>\n","protected":false},"author":1,"featured_media":0,"parent":0,"menu_order":0,"comment_status":"closed","ping_status":"closed","template":"full-width.php","meta":[],"yoast_head":"<!-- This site is optimized with the Yoast SEO plugin v19.8 - https:\/\/yoast.com\/wordpress\/plugins\/seo\/ -->\n<title>Patientenmeinungen | Op. Dr. \u0130sa Kaman<\/title>\n<meta name=\"robots\" content=\"index, follow, max-snippet:-1, max-image-preview:large, max-video-preview:-1\" \/>\n<link rel=\"canonical\" href=\"https:\/\/isakaman.com\/de\/patientenmeinungen\/\" \/>\n<meta property=\"og:locale\" content=\"de_DE\" \/>\n<meta property=\"og:type\" content=\"article\" \/>\n<meta property=\"og:title\" content=\"Patientenmeinungen | Op. Dr. \u0130sa Kaman\" \/>\n<meta property=\"og:description\" content=\"[vc_row row_content_width=&#8220;grid&#8220; content_text_aligment=&#8220;center&#8220; css=&#8220;.vc_custom_1528468310018{padding-top: 0px !important;padding-bottom: 155px !important;}&#8220;][vc_column width=&#8220;1\/2&#8243; css=&#8220;.vc_custom_1526895165061{margin-right: 0px !important;padding-right: 0px !important;}&#8220;][\/vc_column][vc_column width=&#8220;1\/2&#8243;][\/vc_column][\/vc_row][vc_row row_content_width=&#8220;grid&#8220; css=&#8220;.vc_custom_1565343736805{border-top-width: 42px !important;padding-bottom: 42px !important;}&#8220; simple_background_color=&#8220;#5663c1&#8243;][vc_column][\/vc_column][\/vc_row]\" \/>\n<meta property=\"og:url\" content=\"https:\/\/isakaman.com\/de\/patientenmeinungen\/\" \/>\n<meta property=\"og:site_name\" content=\"Op. Dr. \u0130sa Kaman\" \/>\n<meta property=\"article:modified_time\" content=\"2023-08-24T08:33:29+00:00\" \/>\n<meta name=\"twitter:card\" content=\"summary_large_image\" \/>\n<meta name=\"twitter:label1\" content=\"Gesch\u00e4tzte Lesezeit\" \/>\n\t<meta name=\"twitter:data1\" content=\"2\u00a0Minuten\" \/>\n<script type=\"application\/ld+json\" class=\"yoast-schema-graph\">{\"@context\":\"https:\/\/schema.org\",\"@graph\":[{\"@type\":\"WebPage\",\"@id\":\"https:\/\/isakaman.com\/de\/patientenmeinungen\/\",\"url\":\"https:\/\/isakaman.com\/de\/patientenmeinungen\/\",\"name\":\"Patientenmeinungen | Op. Dr. \u0130sa Kaman\",\"isPartOf\":{\"@id\":\"https:\/\/isakaman.com\/#website\"},\"datePublished\":\"2018-06-08T14:19:58+00:00\",\"dateModified\":\"2023-08-24T08:33:29+00:00\",\"breadcrumb\":{\"@id\":\"https:\/\/isakaman.com\/de\/patientenmeinungen\/#breadcrumb\"},\"inLanguage\":\"de\",\"potentialAction\":[{\"@type\":\"ReadAction\",\"target\":[\"https:\/\/isakaman.com\/de\/patientenmeinungen\/\"]}]},{\"@type\":\"BreadcrumbList\",\"@id\":\"https:\/\/isakaman.com\/de\/patientenmeinungen\/#breadcrumb\",\"itemListElement\":[{\"@type\":\"ListItem\",\"position\":1,\"name\":\"Ana sayfa\",\"item\":\"https:\/\/isakaman.com\/de\/\"},{\"@type\":\"ListItem\",\"position\":2,\"name\":\"Patientenmeinungen\"}]},{\"@type\":\"WebSite\",\"@id\":\"https:\/\/isakaman.com\/#website\",\"url\":\"https:\/\/isakaman.com\/\",\"name\":\"Op. Dr. \u0130sa Kaman\",\"description\":\"T\u00fcp Mide Ameliyat\u0131 | Mide K\u00fc\u00e7\u00fcltme | T\u00fcp Mide | Mide Balonu | Mide Bypass | \u0130leal \u0130nterpozisyon | Tip2 Ameliyat\",\"potentialAction\":[{\"@type\":\"SearchAction\",\"target\":{\"@type\":\"EntryPoint\",\"urlTemplate\":\"https:\/\/isakaman.com\/?s={search_term_string}\"},\"query-input\":\"required name=search_term_string\"}],\"inLanguage\":\"de\"}]}<\/script>\n<!-- \/ Yoast SEO plugin. -->","yoast_head_json":{"title":"Patientenmeinungen | Op. Dr. \u0130sa Kaman","robots":{"index":"index","follow":"follow","max-snippet":"max-snippet:-1","max-image-preview":"max-image-preview:large","max-video-preview":"max-video-preview:-1"},"canonical":"https:\/\/isakaman.com\/de\/patientenmeinungen\/","og_locale":"de_DE","og_type":"article","og_title":"Patientenmeinungen | Op. Dr. \u0130sa Kaman","og_description":"[vc_row row_content_width=&#8220;grid&#8220; content_text_aligment=&#8220;center&#8220; css=&#8220;.vc_custom_1528468310018{padding-top: 0px !important;padding-bottom: 155px !important;}&#8220;][vc_column width=&#8220;1\/2&#8243; css=&#8220;.vc_custom_1526895165061{margin-right: 0px !important;padding-right: 0px !important;}&#8220;][\/vc_column][vc_column width=&#8220;1\/2&#8243;][\/vc_column][\/vc_row][vc_row row_content_width=&#8220;grid&#8220; css=&#8220;.vc_custom_1565343736805{border-top-width: 42px !important;padding-bottom: 42px !important;}&#8220; simple_background_color=&#8220;#5663c1&#8243;][vc_column][\/vc_column][\/vc_row]","og_url":"https:\/\/isakaman.com\/de\/patientenmeinungen\/","og_site_name":"Op. Dr. \u0130sa Kaman","article_modified_time":"2023-08-24T08:33:29+00:00","twitter_card":"summary_large_image","twitter_misc":{"Gesch\u00e4tzte Lesezeit":"2\u00a0Minuten"},"schema":{"@context":"https:\/\/schema.org","@graph":[{"@type":"WebPage","@id":"https:\/\/isakaman.com\/de\/patientenmeinungen\/","url":"https:\/\/isakaman.com\/de\/patientenmeinungen\/","name":"Patientenmeinungen | Op. Dr. \u0130sa Kaman","isPartOf":{"@id":"https:\/\/isakaman.com\/#website"},"datePublished":"2018-06-08T14:19:58+00:00","dateModified":"2023-08-24T08:33:29+00:00","breadcrumb":{"@id":"https:\/\/isakaman.com\/de\/patientenmeinungen\/#breadcrumb"},"inLanguage":"de","potentialAction":[{"@type":"ReadAction","target":["https:\/\/isakaman.com\/de\/patientenmeinungen\/"]}]},{"@type":"BreadcrumbList","@id":"https:\/\/isakaman.com\/de\/patientenmeinungen\/#breadcrumb","itemListElement":[{"@type":"ListItem","position":1,"name":"Ana sayfa","item":"https:\/\/isakaman.com\/de\/"},{"@type":"ListItem","position":2,"name":"Patientenmeinungen"}]},{"@type":"WebSite","@id":"https:\/\/isakaman.com\/#website","url":"https:\/\/isakaman.com\/","name":"Op. Dr. \u0130sa Kaman","description":"T\u00fcp Mide Ameliyat\u0131 | Mide K\u00fc\u00e7\u00fcltme | T\u00fcp Mide | Mide Balonu | Mide Bypass | \u0130leal \u0130nterpozisyon | Tip2 Ameliyat","potentialAction":[{"@type":"SearchAction","target":{"@type":"EntryPoint","urlTemplate":"https:\/\/isakaman.com\/?s={search_term_string}"},"query-input":"required name=search_term_string"}],"inLanguage":"de"}]}},"_links":{"self":[{"href":"https:\/\/isakaman.com\/de\/wp-json\/wp\/v2\/pages\/6073"}],"collection":[{"href":"https:\/\/isakaman.com\/de\/wp-json\/wp\/v2\/pages"}],"about":[{"href":"https:\/\/isakaman.com\/de\/wp-json\/wp\/v2\/types\/page"}],"author":[{"embeddable":true,"href":"https:\/\/isakaman.com\/de\/wp-json\/wp\/v2\/users\/1"}],"replies":[{"embeddable":true,"href":"https:\/\/isakaman.com\/de\/wp-json\/wp\/v2\/comments?post=6073"}],"version-history":[{"count":3,"href":"https:\/\/isakaman.com\/de\/wp-json\/wp\/v2\/pages\/6073\/revisions"}],"predecessor-version":[{"id":6275,"href":"https:\/\/isakaman.com\/de\/wp-json\/wp\/v2\/pages\/6073\/revisions\/6275"}],"wp:attachment":[{"href":"https:\/\/isakaman.com\/de\/wp-json\/wp\/v2\/media?parent=6073"}],"curies":[{"name":"wp","href":"https:\/\/api.w.org\/{rel}","templated":true}]}}