{"id":5659,"date":"2018-06-04T08:27:57","date_gmt":"2018-06-04T08:27:57","guid":{"rendered":"https:\/\/isakaman.com\/op-dr-isa-kaman\/"},"modified":"2023-08-23T21:06:19","modified_gmt":"2023-08-23T18:06:19","slug":"op-dr-isa-kaman","status":"publish","type":"page","link":"https:\/\/isakaman.com\/en\/op-dr-isa-kaman\/","title":{"rendered":"Op. Dr. \u0130sa Kaman"},"content":{"rendered":"<p>[vc_row content_placement=&#8221;middle&#8221; row_content_width=&#8221;grid&#8221; content_text_aligment=&#8221;center&#8221; css=&#8221;.vc_custom_1528105632555{padding-top: 122px !important;padding-bottom: 52px !important;}&#8221; simple_background_color=&#8221;#f7f7f7&#8243;][vc_column width=&#8221;1\/2&#8243; offset=&#8221;vc_col-lg-6 vc_col-md-6&#8243;][vc_single_image image=&#8221;6259&#8243; img_size=&#8221;full&#8221; alignment=&#8221;right&#8221; css=&#8221;.vc_custom_1692813952793{padding-left: 10% !important;}&#8221;][vc_empty_space height=&#8221;22px&#8221;]<div class=\"mkdf-iwt clearfix  mkdf-iwt-icon-left mkdf-iwt-icon-medium \">\n\t<div class=\"mkdf-iwt-icon\">\n\t\t\t\t\t\t\t\t\t    <span class=\"mkdf-icon-shortcode mkdf-normal   mkdf-icon-medium\"  >\n                    <i class=\"mkdf-icon-dripicons dripicon  mkdf-icon-element\" style=\"\" ><\/i>            <\/span>\n\t\t\t\t\t\t<\/div>\n\t<div class=\"mkdf-iwt-content\" >\n\t\t\t\t\t<h5 class=\"mkdf-iwt-title\" >\n\t\t\t\t\t\t\t\t<span class=\"mkdf-iwt-title-text\">Scope<\/span>\n\t\t\t\t\t\t\t<\/h5>\n\t\t\t\t\t\t\t<p class=\"mkdf-iwt-text\" >General Surgery<\/p>\n\t\t\t<\/div>\n\n\t<\/div><div class=\"mkdf-iwt clearfix  mkdf-iwt-icon-left mkdf-iwt-icon-medium \">\n\t<div class=\"mkdf-iwt-icon\">\n\t\t\t\t\t\t\t\t\t    <span class=\"mkdf-icon-shortcode mkdf-normal   mkdf-icon-medium\"  >\n                    <i class=\"mkdf-icon-dripicons dripicon  mkdf-icon-element\" style=\"\" ><\/i>            <\/span>\n\t\t\t\t\t\t<\/div>\n\t<div class=\"mkdf-iwt-content\" >\n\t\t\t\t\t<h5 class=\"mkdf-iwt-title\" >\n\t\t\t\t\t\t\t\t<span class=\"mkdf-iwt-title-text\">Expertise<\/span>\n\t\t\t\t\t\t\t<\/h5>\n\t\t\t\t\t\t\t<p class=\"mkdf-iwt-text\" >Gastric Diseases<\/p>\n\t\t\t<\/div>\n\n\t<\/div><div class=\"mkdf-iwt clearfix  mkdf-iwt-icon-left mkdf-iwt-icon-medium \">\n\t<div class=\"mkdf-iwt-icon\">\n\t\t\t\t\t\t\t\t\t    <span class=\"mkdf-icon-shortcode mkdf-normal   mkdf-icon-medium\"  >\n                    <i class=\"mkdf-icon-dripicons dripicon  mkdf-icon-element\" style=\"\" ><\/i>            <\/span>\n\t\t\t\t\t\t<\/div>\n\t<div class=\"mkdf-iwt-content\" >\n\t\t\t\t\t<h5 class=\"mkdf-iwt-title\" >\n\t\t\t\t\t\t\t\t<span class=\"mkdf-iwt-title-text\">Education<\/span>\n\t\t\t\t\t\t\t<\/h5>\n\t\t\t\t\t\t\t<p class=\"mkdf-iwt-text\" >\u0130stanbul \u00dcniversitesi T\u0131p Fak\u00fcltesi<\/p>\n\t\t\t<\/div>\n\n\t<\/div>[\/vc_column][vc_column width=&#8221;1\/2&#8243; offset=&#8221;vc_col-lg-offset-0 vc_col-lg-6 vc_col-md-offset-0 vc_col-md-6 vc_col-sm-offset-0&#8243;]<div class=\"mkdf-section-title-holder  mkdf-st-standard mkdf-st-title-left mkdf-st-normal-space \" style=\"text-align: left\">\n\t<div class=\"mkdf-st-inner\">\n\t\t\t\t\t<h2 class=\"mkdf-st-title\" >\n\t\t\t\tOp. Dr. \u0130sa<br \/> Kaman\t\t\t<\/h2>\n\t\t                    <div class=\"mkdf-separator-holder clearfix  mkdf-separator-left \">\n\t<div class=\"mkdf-separator\" style=\"width: 40px;border-bottom-width: 5px;margin-top: 24px;margin-bottom: 14px\"><\/div>\n<\/div>\n        \t\t\t<\/div>\n<\/div>[vc_column_text]<\/p>\n<p align=\"justify\">\u0130sa Kaman was born in Konya, Turkey in 1979. He graduated from \u0130stanbul University Faculty of Medicine General Surgery department in 2002. After graduation, he started his duty as a family physician in Ye\u015filyurt State Hospital between 2003-2004. Dr.Kaman worked at Okmeydan\u0131 Training and Research Hospital between 2005-2010 and at \u00c7erkezk\u00f6y State Hospital between 2012-2016.<\/p>\n<p align=\"justify\">Isa Kaman, who worked at Private Optimed Hospital from 2016 to 2021, has been in private practice since that time.<\/p>\n<p align=\"justify\">Kaman specializes in stomach illnesses and is a member of the Turkish Surgical Association and the Turkish Medical Association.<\/p>\n<p>[\/vc_column_text][\/vc_column][\/vc_row][vc_row][vc_column][\/vc_column][\/vc_row][vc_row disable_element=&#8221;yes&#8221; parallax_background_image=&#8221;864&#8243; css=&#8221;.vc_custom_1547561817878{padding-top: 123px !important;padding-bottom: 520px !important;}&#8221;][vc_column]<div class=\"mkdf-elements-holder   mkdf-one-column  mkdf-responsive-mode-768 \" ><div class=\"mkdf-eh-item   mkdf-horizontal-alignment-center \"  data-item-class=\"mkdf-eh-custom-7322\" data-1367-1600=\"0px 28%\" data-1025-1366=\"0px 27%\" data-769-1024=\"0px 20%\" data-681-768=\"0px 12%\" data-680=\"0px 5%\">\n\t<div class=\"mkdf-eh-item-inner\">\n\t\t<div class=\"mkdf-eh-item-content mkdf-eh-custom-7322\" style=\"padding: 0px 33%\">\n\t\t\t<div class=\"mkdf-section-title-holder  mkdf-st-standard mkdf-st-title-left mkdf-st-normal-space \" style=\"text-align: center\">\n\t<div class=\"mkdf-st-inner\">\n\t\t\t\t\t<h2 class=\"mkdf-st-title\" style=\"color: #ffffff\">\n\t\t\t\tTestimonials\t\t\t<\/h2>\n\t\t                    <div class=\"mkdf-separator-holder clearfix  mkdf-separator-center \">\n\t<div class=\"mkdf-separator\" style=\"width: 40px;border-bottom-width: 5px;margin-top: 24px;margin-bottom: 13px\"><\/div>\n<\/div>\n        \t\t\t\t\t<p class=\"mkdf-st-text\" style=\"color: #ffffff;font-size: 19px;line-height: 30px\">\n\t\t\t\tLorem ipsum dolor sit amet, consectetuer adipiscing elit. Aenean commodo ligula eget dolor. Aenean massa sociis.\t\t\t<\/p>\n\t\t\t<\/div>\n<\/div>\t\t<\/div>\n\t<\/div>\n<\/div><\/div>[\/vc_column][\/vc_row][vc_row disable_element=&#8221;yes&#8221; row_content_width=&#8221;grid&#8221;][vc_column css=&#8221;.vc_custom_1528985036815{margin-top: -460px !important;padding-right: 5% !important;padding-left: 5% !important;}&#8221;][vc_row_inner][vc_column_inner el_class=&#8221;column_shadow&#8221; css=&#8221;.vc_custom_1528984950796{background-color: #ffffff !important;border-radius: 4px !important;}&#8221; offset=&#8221;vc_col-lg-offset-1 vc_col-lg-10&#8243;]<div class=\"mkdf-elements-holder   mkdf-one-column  mkdf-responsive-mode-768 \" ><div class=\"mkdf-eh-item   mkdf-horizontal-alignment-center \" style=\"background-color: #ffffff\" data-item-class=\"mkdf-eh-custom-5430\" data-1367-1600=\"10px 0px 50px\" data-1025-1366=\"10px 0px 50px\">\n\t<div class=\"mkdf-eh-item-inner\">\n\t\t<div class=\"mkdf-eh-item-content mkdf-eh-custom-5430\" style=\"padding: 10px 30px 50px\">\n\t\t\t<div class=\"mkdf-testimonials-holder clearfix mkdf-testimonials-standard  mkdf-has-background-img mkdf-rounded-edges\" style=\"background-image: url()\">\n    <div class=\"mkdf-testimonials mkdf-owl-slider\" data-number-of-items=\"1\" data-enable-loop=\"yes\" data-enable-autoplay=\"yes\" data-slider-speed=\"5000\" data-slider-speed-animation=\"600\" data-enable-navigation=\"no\" data-enable-pagination=\"no\" >\n\n    Sorry, no posts matched your criteria.\n    <\/div>\n<\/div>\t\t<\/div>\n\t<\/div>\n<\/div><\/div>[\/vc_column_inner][\/vc_row_inner][\/vc_column][\/vc_row][vc_row content_placement=&#8221;middle&#8221; disable_element=&#8221;yes&#8221; row_content_width=&#8221;grid&#8221; content_text_aligment=&#8221;center&#8221; css=&#8221;.vc_custom_1547561836103{padding-top: 122px !important;padding-bottom: 64px !important;}&#8221;][vc_column offset=&#8221;vc_col-sm-offset-0&#8243;]<div class=\"mkdf-elements-holder   mkdf-one-column  mkdf-responsive-mode-768 \" ><div class=\"mkdf-eh-item   mkdf-horizontal-alignment-center \"  data-item-class=\"mkdf-eh-custom-4375\" data-1367-1600=\"0px 28%\" data-1025-1366=\"0px 25%\" data-769-1024=\"0px 10%\" data-681-768=\"0px 4%\" data-680=\"0px\">\n\t<div class=\"mkdf-eh-item-inner\">\n\t\t<div class=\"mkdf-eh-item-content mkdf-eh-custom-4375\" style=\"padding: 0px 33%\">\n\t\t\t<div class=\"mkdf-section-title-holder  mkdf-st-standard mkdf-st-title-left mkdf-st-normal-space \" style=\"text-align: center\">\n\t<div class=\"mkdf-st-inner\">\n\t\t\t\t\t<h2 class=\"mkdf-st-title\" >\n\t\t\t\tMeet Our Team\t\t\t<\/h2>\n\t\t                    <div class=\"mkdf-separator-holder clearfix  mkdf-separator-center \">\n\t<div class=\"mkdf-separator\" style=\"width: 40px;border-bottom-width: 5px;margin-top: 24px;margin-bottom: 13px\"><\/div>\n<\/div>\n        \t\t\t\t\t<p class=\"mkdf-st-text\" style=\"font-size: 19px;line-height: 30px\">\n\t\t\t\tQuisque rutrum. Aenean imperdiet. Etiam ultricies nisi vel augue. Curabitur ullamcorper ultricies nisi. Nam eget dui.\t\t\t<\/p>\n\t\t\t<\/div>\n<\/div>\t\t<\/div>\n\t<\/div>\n<\/div><\/div>[\/vc_column][\/vc_row][vc_row content_placement=&#8221;middle&#8221; disable_element=&#8221;yes&#8221; row_content_width=&#8221;grid&#8221; content_text_aligment=&#8221;left&#8221; css=&#8221;.vc_custom_1547561830023{padding-bottom: 134px !important;}&#8221;][vc_column offset=&#8221;vc_col-lg-offset-0 vc_col-lg-12&#8243;]<div class=\"mkdf-doctors-list-holder mkdf-grid-list mkdf-disable-bottom-space mkdf-four-columns mkdf-small-space mkdf-three-columns\">\n\t<div class=\"mkdf-dl-inner mkdf-outer-space \" data-number-of-items=\"four\" data-number-of-columns=\"four\" data-enable-navigation=\"no\" data-enable-pagination=\"no\">\n\t\t<div class=\"mkdf-doctor info-bellow\">\n    <div class=\"mkdf-doctor-inner\">\n        <div class=\"mkdf-doctor-title-image\">\n                        <div class=\"mkdf-doctor-title-holder\">\n                <h5 itemprop=\"name\" class=\"mkdf-doctor-name entry-title\">\n                    <a itemprop=\"url\" href=\"https:\/\/isakaman.com\/en\/doctors\/isa-kaman\/\">\u0130sa Kaman<\/a>\n                <\/h5>\n\n                                    <h6 class=\"mkdf-doctor-position\">Mide Hastal\u0131klar\u0131<\/h6>\n                            <\/div>\n        <\/div>\n\n        <div class=\"mkdf-doctor-info\">\n                            <div class=\"mkdf-doctor-text\">\n                    <div class=\"mkdf-doctor-text-inner\">\n                        <div class=\"mkdf-doctor-description\">\n                            <p itemprop=\"description\" class=\"mkdf-doctor-excerpt\">Ut wisi enim ad minim veniam, quis laore nostrud exerci tation ulm hedi corper turet susc ipit <\/p>\n                        <\/div>\n                    <\/div>\n                <\/div>\n                        <div class=\"mkdf-doctor-social-holder-between\">\n                <div class=\"mkdf-doctor-social\">\n                    <div class=\"mkdf-doctor-social-inner\">\n                        <div class=\"mkdf-doctor-social-wrapp\">\n                                <span class=\"mkdf-icon-shortcode mkdf-normal   \">\n                    <a class=\"\" href=\"https:\/\/twitter.com\" target=\"_blank\">\n                    <span aria-hidden=\"true\" class=\"mkdf-icon-font-elegant social_twitter mkdf-icon-element\"><\/span>                    <\/a>\n            <\/span>\n    <span class=\"mkdf-icon-shortcode mkdf-normal   \">\n                    <a class=\"\" href=\"https:\/\/www.facebook.com\/\" target=\"_blank\">\n                    <span aria-hidden=\"true\" class=\"mkdf-icon-font-elegant social_facebook mkdf-icon-element\"><\/span>                    <\/a>\n            <\/span>\n    <span class=\"mkdf-icon-shortcode mkdf-normal   \">\n                    <a class=\"\" href=\"https:\/\/www.instagram.com\/\" target=\"_blank\">\n                    <span aria-hidden=\"true\" class=\"mkdf-icon-font-elegant social_instagram mkdf-icon-element\"><\/span>                    <\/a>\n            <\/span>\n    <span class=\"mkdf-icon-shortcode mkdf-normal   \">\n                    <a class=\"\" href=\"https:\/\/www.linkedin.com\/\" target=\"_blank\">\n                    <span aria-hidden=\"true\" class=\"mkdf-icon-font-elegant social_linkedin mkdf-icon-element\"><\/span>                    <\/a>\n            <\/span>\n                        <\/div>\n                    <\/div>\n                <\/div>\n            <\/div>\n        <\/div>\n    <\/div>\n<\/div>\t<\/div>\n<\/div>[\/vc_column][\/vc_row][vc_row row_content_width=&#8221;grid&#8221; css=&#8221;.vc_custom_1547562271376{padding-top: 42px !important;padding-bottom: 42px !important;}&#8221; simple_background_color=&#8221;#5663c1&#8243;][vc_column]<div class=\"mkdf-call-to-action-holder  mkdf-normal-layout  mkdf-three-quarters-columns\">\n\t<div class=\"mkdf-cta-inner \">\n\t\t<div class=\"mkdf-cta-text-holder\">\n\t\t\t<div class=\"mkdf-cta-text\">\n<h4 style=\"color: #fff;\">Appointment Request<\/h4>\n<\/div>\n\t\t<\/div>\n\t\t<div class=\"mkdf-cta-button-holder\" >\n\t\t\t<div class=\"mkdf-cta-button\"><a itemprop=\"url\" href=\"https:\/\/api.whatsapp.com\/send?phone=447737693398\" target=\"_blank\"  class=\"mkdf-btn mkdf-btn-medium mkdf-btn-solid mkdf-btn-custom-hover-bg mkdf-btn-custom-border-hover\" data-hover-bg-color=\"#f8464f\" data-hover-border-color=\"#f8464f\" >    <span class=\"mkdf-btn-text\">+44 7737 693398<\/span>    <\/a><\/div>\n\t\t<\/div>\n\t<\/div>\n<\/div>[\/vc_column][\/vc_row]<\/p>\n","protected":false},"excerpt":{"rendered":"<p>[vc_row content_placement=&#8221;middle&#8221; row_content_width=&#8221;grid&#8221; content_text_aligment=&#8221;center&#8221; css=&#8221;.vc_custom_1528105632555{padding-top: 122px !important;padding-bottom: 52px !important;}&#8221; simple_background_color=&#8221;#f7f7f7&#8243;][vc_column width=&#8221;1\/2&#8243; offset=&#8221;vc_col-lg-6 vc_col-md-6&#8243;][vc_single_image image=&#8221;6259&#8243; img_size=&#8221;full&#8221; alignment=&#8221;right&#8221; css=&#8221;.vc_custom_1692813952793{padding-left: 10% !important;}&#8221;][vc_empty_space height=&#8221;22px&#8221;][\/vc_column][vc_column width=&#8221;1\/2&#8243; offset=&#8221;vc_col-lg-offset-0 vc_col-lg-6 vc_col-md-offset-0 vc_col-md-6 vc_col-sm-offset-0&#8243;][vc_column_text] \u0130sa Kaman was born in Konya, Turkey in 1979. He graduated from \u0130stanbul University [&hellip;]<\/p>\n","protected":false},"author":1,"featured_media":0,"parent":0,"menu_order":0,"comment_status":"closed","ping_status":"closed","template":"full-width.php","meta":[],"yoast_head":"<!-- This site is optimized with the Yoast SEO plugin v19.8 - https:\/\/yoast.com\/wordpress\/plugins\/seo\/ -->\n<title>Op. Dr. \u0130sa Kaman | Op. Dr. \u0130sa Kaman<\/title>\n<meta name=\"robots\" content=\"index, follow, max-snippet:-1, max-image-preview:large, max-video-preview:-1\" \/>\n<link rel=\"canonical\" href=\"https:\/\/isakaman.com\/en\/op-dr-isa-kaman\/\" \/>\n<meta property=\"og:locale\" content=\"en_US\" \/>\n<meta property=\"og:type\" content=\"article\" \/>\n<meta property=\"og:title\" content=\"Op. Dr. \u0130sa Kaman | Op. Dr. \u0130sa Kaman\" \/>\n<meta property=\"og:description\" content=\"[vc_row content_placement=&#8221;middle&#8221; row_content_width=&#8221;grid&#8221; content_text_aligment=&#8221;center&#8221; css=&#8221;.vc_custom_1528105632555{padding-top: 122px !important;padding-bottom: 52px !important;}&#8221; simple_background_color=&#8221;#f7f7f7&#8243;][vc_column width=&#8221;1\/2&#8243; offset=&#8221;vc_col-lg-6 vc_col-md-6&#8243;][vc_single_image image=&#8221;6259&#8243; img_size=&#8221;full&#8221; alignment=&#8221;right&#8221; css=&#8221;.vc_custom_1692813952793{padding-left: 10% !important;}&#8221;][vc_empty_space height=&#8221;22px&#8221;][\/vc_column][vc_column width=&#8221;1\/2&#8243; offset=&#8221;vc_col-lg-offset-0 vc_col-lg-6 vc_col-md-offset-0 vc_col-md-6 vc_col-sm-offset-0&#8243;][vc_column_text] \u0130sa Kaman was born in Konya, Turkey in 1979. He graduated from \u0130stanbul University [&hellip;]\" \/>\n<meta property=\"og:url\" content=\"https:\/\/isakaman.com\/en\/op-dr-isa-kaman\/\" \/>\n<meta property=\"og:site_name\" content=\"Op. Dr. \u0130sa Kaman\" \/>\n<meta property=\"article:modified_time\" content=\"2023-08-23T18:06:19+00:00\" \/>\n<meta name=\"twitter:card\" content=\"summary_large_image\" \/>\n<meta name=\"twitter:label1\" content=\"Est. reading time\" \/>\n\t<meta name=\"twitter:data1\" content=\"3 minutes\" \/>\n<script type=\"application\/ld+json\" class=\"yoast-schema-graph\">{\"@context\":\"https:\/\/schema.org\",\"@graph\":[{\"@type\":\"WebPage\",\"@id\":\"https:\/\/isakaman.com\/en\/op-dr-isa-kaman\/\",\"url\":\"https:\/\/isakaman.com\/en\/op-dr-isa-kaman\/\",\"name\":\"Op. Dr. \u0130sa Kaman | Op. Dr. \u0130sa Kaman\",\"isPartOf\":{\"@id\":\"https:\/\/isakaman.com\/#website\"},\"datePublished\":\"2018-06-04T08:27:57+00:00\",\"dateModified\":\"2023-08-23T18:06:19+00:00\",\"breadcrumb\":{\"@id\":\"https:\/\/isakaman.com\/en\/op-dr-isa-kaman\/#breadcrumb\"},\"inLanguage\":\"en-US\",\"potentialAction\":[{\"@type\":\"ReadAction\",\"target\":[\"https:\/\/isakaman.com\/en\/op-dr-isa-kaman\/\"]}]},{\"@type\":\"BreadcrumbList\",\"@id\":\"https:\/\/isakaman.com\/en\/op-dr-isa-kaman\/#breadcrumb\",\"itemListElement\":[{\"@type\":\"ListItem\",\"position\":1,\"name\":\"Ana sayfa\",\"item\":\"https:\/\/isakaman.com\/en\/\"},{\"@type\":\"ListItem\",\"position\":2,\"name\":\"Op. Dr. \u0130sa Kaman\"}]},{\"@type\":\"WebSite\",\"@id\":\"https:\/\/isakaman.com\/#website\",\"url\":\"https:\/\/isakaman.com\/\",\"name\":\"Op. Dr. \u0130sa Kaman\",\"description\":\"Intra-Gastric Balloon | Gastric By-pass | Sleeve Gastrectomy | Type 2 Diabetes | Ileal Interposition | Transit Bipartition Surgery | Obesity Turkey\",\"potentialAction\":[{\"@type\":\"SearchAction\",\"target\":{\"@type\":\"EntryPoint\",\"urlTemplate\":\"https:\/\/isakaman.com\/?s={search_term_string}\"},\"query-input\":\"required name=search_term_string\"}],\"inLanguage\":\"en-US\"}]}<\/script>\n<!-- \/ Yoast SEO plugin. -->","yoast_head_json":{"title":"Op. Dr. \u0130sa Kaman | Op. Dr. \u0130sa Kaman","robots":{"index":"index","follow":"follow","max-snippet":"max-snippet:-1","max-image-preview":"max-image-preview:large","max-video-preview":"max-video-preview:-1"},"canonical":"https:\/\/isakaman.com\/en\/op-dr-isa-kaman\/","og_locale":"en_US","og_type":"article","og_title":"Op. Dr. \u0130sa Kaman | Op. Dr. \u0130sa Kaman","og_description":"[vc_row content_placement=&#8221;middle&#8221; row_content_width=&#8221;grid&#8221; content_text_aligment=&#8221;center&#8221; css=&#8221;.vc_custom_1528105632555{padding-top: 122px !important;padding-bottom: 52px !important;}&#8221; simple_background_color=&#8221;#f7f7f7&#8243;][vc_column width=&#8221;1\/2&#8243; offset=&#8221;vc_col-lg-6 vc_col-md-6&#8243;][vc_single_image image=&#8221;6259&#8243; img_size=&#8221;full&#8221; alignment=&#8221;right&#8221; css=&#8221;.vc_custom_1692813952793{padding-left: 10% !important;}&#8221;][vc_empty_space height=&#8221;22px&#8221;][\/vc_column][vc_column width=&#8221;1\/2&#8243; offset=&#8221;vc_col-lg-offset-0 vc_col-lg-6 vc_col-md-offset-0 vc_col-md-6 vc_col-sm-offset-0&#8243;][vc_column_text] \u0130sa Kaman was born in Konya, Turkey in 1979. He graduated from \u0130stanbul University [&hellip;]","og_url":"https:\/\/isakaman.com\/en\/op-dr-isa-kaman\/","og_site_name":"Op. Dr. \u0130sa Kaman","article_modified_time":"2023-08-23T18:06:19+00:00","twitter_card":"summary_large_image","twitter_misc":{"Est. reading time":"3 minutes"},"schema":{"@context":"https:\/\/schema.org","@graph":[{"@type":"WebPage","@id":"https:\/\/isakaman.com\/en\/op-dr-isa-kaman\/","url":"https:\/\/isakaman.com\/en\/op-dr-isa-kaman\/","name":"Op. Dr. \u0130sa Kaman | Op. Dr. \u0130sa Kaman","isPartOf":{"@id":"https:\/\/isakaman.com\/#website"},"datePublished":"2018-06-04T08:27:57+00:00","dateModified":"2023-08-23T18:06:19+00:00","breadcrumb":{"@id":"https:\/\/isakaman.com\/en\/op-dr-isa-kaman\/#breadcrumb"},"inLanguage":"en-US","potentialAction":[{"@type":"ReadAction","target":["https:\/\/isakaman.com\/en\/op-dr-isa-kaman\/"]}]},{"@type":"BreadcrumbList","@id":"https:\/\/isakaman.com\/en\/op-dr-isa-kaman\/#breadcrumb","itemListElement":[{"@type":"ListItem","position":1,"name":"Ana sayfa","item":"https:\/\/isakaman.com\/en\/"},{"@type":"ListItem","position":2,"name":"Op. Dr. \u0130sa Kaman"}]},{"@type":"WebSite","@id":"https:\/\/isakaman.com\/#website","url":"https:\/\/isakaman.com\/","name":"Op. Dr. \u0130sa Kaman","description":"Intra-Gastric Balloon | Gastric By-pass | Sleeve Gastrectomy | Type 2 Diabetes | Ileal Interposition | Transit Bipartition Surgery | Obesity Turkey","potentialAction":[{"@type":"SearchAction","target":{"@type":"EntryPoint","urlTemplate":"https:\/\/isakaman.com\/?s={search_term_string}"},"query-input":"required name=search_term_string"}],"inLanguage":"en-US"}]}},"_links":{"self":[{"href":"https:\/\/isakaman.com\/en\/wp-json\/wp\/v2\/pages\/5659"}],"collection":[{"href":"https:\/\/isakaman.com\/en\/wp-json\/wp\/v2\/pages"}],"about":[{"href":"https:\/\/isakaman.com\/en\/wp-json\/wp\/v2\/types\/page"}],"author":[{"embeddable":true,"href":"https:\/\/isakaman.com\/en\/wp-json\/wp\/v2\/users\/1"}],"replies":[{"embeddable":true,"href":"https:\/\/isakaman.com\/en\/wp-json\/wp\/v2\/comments?post=5659"}],"version-history":[{"count":6,"href":"https:\/\/isakaman.com\/en\/wp-json\/wp\/v2\/pages\/5659\/revisions"}],"predecessor-version":[{"id":6266,"href":"https:\/\/isakaman.com\/en\/wp-json\/wp\/v2\/pages\/5659\/revisions\/6266"}],"wp:attachment":[{"href":"https:\/\/isakaman.com\/en\/wp-json\/wp\/v2\/media?parent=5659"}],"curies":[{"name":"wp","href":"https:\/\/api.w.org\/{rel}","templated":true}]}}